{"id":9355,"date":"2026-04-27T17:04:58","date_gmt":"2026-04-27T14:04:58","guid":{"rendered":"https:\/\/etiliseramik.com\/?post_type=product&#038;p=9355"},"modified":"2026-04-27T17:04:58","modified_gmt":"2026-04-27T14:04:58","slug":"gokceada-petrol-30x60-sugar-effect-75mm","status":"publish","type":"product","link":"https:\/\/etiliseramik.com\/en\/product\/gokceada\/gokceada-petrol-30x60-sugar-effect-75mm\/","title":{"rendered":"G\u00f6k\u00e7eada Petrol Blue 30\u00d760 Sugar Effect 7,5mm"},"content":{"rendered":"","protected":false},"excerpt":{"rendered":"","protected":false},"featured_media":9356,"template":"","meta":[],"product_brand":[],"product_cat":[3671],"product_tag":[3573,3745,3744,3753,3608,455,3754,457,411,3740,3741,3748,3747,3652,3743,3607,3751,3752,3742,3746,3749,1171,3609,456,458,3681,3750,409],"seramik_isim_renk":[3689],"seramik_renk":[123],"seramik_ebat":[137],"seramik_doku":[72],"seramik_uygulama":[81],"seramik_rolyef":[85],"seramik_yuzey_bitis":[3572],"seramik_ozellik":[87],"seramik_kalinlik":[3502],"seramik_kenar_bicimi":[93],"seramik_dona_dayanikli":[95],"class_list":{"0":"post-9355","1":"product","2":"type-product","3":"status-publish","4":"has-post-thumbnail","6":"product_cat-gokceada","7":"product_tag-2026-koleksiyonu","8":"product_tag-30x60-petrol-porselen-karo","9":"product_tag-beton-gorunumlu-petrol-ton-seramik","10":"product_tag-decorative-petrol-pool-tile","11":"product_tag-dis-mekan-seramik-30x60","12":"product_tag-duvar-karosu","13":"product_tag-etili-seramik-gokceada-petrol","14":"product_tag-fayans","15":"product_tag-fayans-fiyatlari","16":"product_tag-gokceada-petrol-30x60-seramik","17":"product_tag-gokceada-petrol-sugar-effect-seramik","18":"product_tag-havuz-duvar-seramik-petrol-mavisi","19":"product_tag-havuz-ici-seramik-petrol-ton","20":"product_tag-havuz-zemin-seramik-kaymaz-yuzey","21":"product_tag-koyu-mavi-yesil-tas-gorunumlu-seramik","22":"product_tag-modern-havuz-tasarim-seramik","23":"product_tag-petrol-blue-stone-look-tile","24":"product_tag-petrol-color-porcelain-tile-30x60","25":"product_tag-petrol-mavisi-seramik-30x60","26":"product_tag-petrol-renk-zemin-seramik-karo","27":"product_tag-pool-tile-petrol-blue-ceramic","28":"product_tag-porselen-karo","29":"product_tag-rektifiyeli-seramik-30x60","30":"product_tag-seramik","31":"product_tag-seramik-modelleri","32":"product_tag-suya-dayanikli-porselen-karo-30x60","33":"product_tag-swimming-pool-petrol-tile-30x60","34":"product_tag-yer-karosu","35":"seramik_isim_renk-petrol","36":"seramik_renk-other-colors","37":"seramik_ebat-30x60","38":"seramik_doku-marble","39":"seramik_uygulama-pool","40":"seramik_rolyef-hayir","41":"seramik_yuzey_bitis-sugar-effect","42":"seramik_ozellik-porselen","43":"seramik_kalinlik-7-5-mm","44":"seramik_kenar_bicimi-rektifiyesiz","45":"seramik_dona_dayanikli-evet","47":"first","48":"instock","49":"shipping-taxable","50":"product-type-simple"},"_links":{"self":[{"href":"https:\/\/etiliseramik.com\/en\/wp-json\/wp\/v2\/product\/9355","targetHints":{"allow":["GET"]}}],"collection":[{"href":"https:\/\/etiliseramik.com\/en\/wp-json\/wp\/v2\/product"}],"about":[{"href":"https:\/\/etiliseramik.com\/en\/wp-json\/wp\/v2\/types\/product"}],"wp:featuredmedia":[{"embeddable":true,"href":"https:\/\/etiliseramik.com\/en\/wp-json\/wp\/v2\/media\/9356"}],"wp:attachment":[{"href":"https:\/\/etiliseramik.com\/en\/wp-json\/wp\/v2\/media?parent=9355"}],"wp:term":[{"taxonomy":"product_brand","embeddable":true,"href":"https:\/\/etiliseramik.com\/en\/wp-json\/wp\/v2\/product_brand?post=9355"},{"taxonomy":"product_cat","embeddable":true,"href":"https:\/\/etiliseramik.com\/en\/wp-json\/wp\/v2\/product_cat?post=9355"},{"taxonomy":"product_tag","embeddable":true,"href":"https:\/\/etiliseramik.com\/en\/wp-json\/wp\/v2\/product_tag?post=9355"},{"taxonomy":"seramik_isim_renk","embeddable":true,"href":"https:\/\/etiliseramik.com\/en\/wp-json\/wp\/v2\/seramik_isim_renk?post=9355"},{"taxonomy":"seramik_renk","embeddable":true,"href":"https:\/\/etiliseramik.com\/en\/wp-json\/wp\/v2\/seramik_renk?post=9355"},{"taxonomy":"seramik_ebat","embeddable":true,"href":"https:\/\/etiliseramik.com\/en\/wp-json\/wp\/v2\/seramik_ebat?post=9355"},{"taxonomy":"seramik_doku","embeddable":true,"href":"https:\/\/etiliseramik.com\/en\/wp-json\/wp\/v2\/seramik_doku?post=9355"},{"taxonomy":"seramik_uygulama","embeddable":true,"href":"https:\/\/etiliseramik.com\/en\/wp-json\/wp\/v2\/seramik_uygulama?post=9355"},{"taxonomy":"seramik_rolyef","embeddable":true,"href":"https:\/\/etiliseramik.com\/en\/wp-json\/wp\/v2\/seramik_rolyef?post=9355"},{"taxonomy":"seramik_yuzey_bitis","embeddable":true,"href":"https:\/\/etiliseramik.com\/en\/wp-json\/wp\/v2\/seramik_yuzey_bitis?post=9355"},{"taxonomy":"seramik_ozellik","embeddable":true,"href":"https:\/\/etiliseramik.com\/en\/wp-json\/wp\/v2\/seramik_ozellik?post=9355"},{"taxonomy":"seramik_kalinlik","embeddable":true,"href":"https:\/\/etiliseramik.com\/en\/wp-json\/wp\/v2\/seramik_kalinlik?post=9355"},{"taxonomy":"seramik_kenar_bicimi","embeddable":true,"href":"https:\/\/etiliseramik.com\/en\/wp-json\/wp\/v2\/seramik_kenar_bicimi?post=9355"},{"taxonomy":"seramik_dona_dayanikli","embeddable":true,"href":"https:\/\/etiliseramik.com\/en\/wp-json\/wp\/v2\/seramik_dona_dayanikli?post=9355"}],"curies":[{"name":"wp","href":"https:\/\/api.w.org\/{rel}","templated":true}]}}