{"id":9351,"date":"2026-04-27T16:59:01","date_gmt":"2026-04-27T13:59:01","guid":{"rendered":"https:\/\/etiliseramik.com\/?post_type=product&#038;p=9351"},"modified":"2026-04-27T16:59:01","modified_gmt":"2026-04-27T13:59:01","slug":"gokceada-yesil-30x60-sugar-effect-75mm","status":"publish","type":"product","link":"https:\/\/etiliseramik.com\/en\/product\/gokceada\/gokceada-yesil-30x60-sugar-effect-75mm\/","title":{"rendered":"G\u00f6k\u00e7eada Green 30\u00d760 Sugar Effect 7,5mm"},"content":{"rendered":"","protected":false},"excerpt":{"rendered":"","protected":false},"featured_media":9352,"template":"","meta":[],"product_brand":[],"product_cat":[3671],"product_tag":[3573,3717,3728,3729,3724,3608,3716,455,3732,457,411,3726,3727,3651,3650,3652,3731,3730,3607,3638,1171,3609,456,458,3681,3721,409],"seramik_isim_renk":[775],"seramik_renk":[123],"seramik_ebat":[137],"seramik_doku":[72],"seramik_uygulama":[81],"seramik_rolyef":[85],"seramik_yuzey_bitis":[3572],"seramik_ozellik":[87],"seramik_kalinlik":[3502],"seramik_kenar_bicimi":[93],"seramik_dona_dayanikli":[95],"class_list":{"0":"post-9351","1":"product","2":"type-product","3":"status-publish","4":"has-post-thumbnail","6":"product_cat-gokceada","7":"product_tag-2026-koleksiyonu","8":"product_tag-30x60-yesil-porselen-karo","9":"product_tag-acik-yesil-tas-gorunumlu-seramik-30x60","10":"product_tag-acik-yesil-zemin-seramik-karo","11":"product_tag-decorative-green-pool-tile","12":"product_tag-dis-mekan-seramik-30x60","13":"product_tag-dogal-tas-dokulu-yesil-seramik","14":"product_tag-duvar-karosu","15":"product_tag-etili-seramik-gokceada-yesil","16":"product_tag-fayans","17":"product_tag-fayans-fiyatlari","18":"product_tag-gokceada-yesil-30x60-seramik","19":"product_tag-gokceada-yesil-sugar-effect-seramik","20":"product_tag-havuz-duvar-seramik-yesil","21":"product_tag-havuz-ici-seramik-yesil-ton","22":"product_tag-havuz-zemin-seramik-kaymaz-yuzey","23":"product_tag-light-green-porcelain-tile-30x60","24":"product_tag-light-green-stone-look-tile","25":"product_tag-modern-havuz-tasarim-seramik","26":"product_tag-pool-tile-green-ceramic","27":"product_tag-porselen-karo","28":"product_tag-rektifiyeli-seramik-30x60","29":"product_tag-seramik","30":"product_tag-seramik-modelleri","31":"product_tag-suya-dayanikli-porselen-karo-30x60","32":"product_tag-swimming-pool-green-tile-30x60","33":"product_tag-yer-karosu","34":"seramik_isim_renk-yesil","35":"seramik_renk-other-colors","36":"seramik_ebat-30x60","37":"seramik_doku-marble","38":"seramik_uygulama-pool","39":"seramik_rolyef-hayir","40":"seramik_yuzey_bitis-sugar-effect","41":"seramik_ozellik-porselen","42":"seramik_kalinlik-7-5-mm","43":"seramik_kenar_bicimi-rektifiyesiz","44":"seramik_dona_dayanikli-evet","46":"first","47":"instock","48":"shipping-taxable","49":"product-type-simple"},"_links":{"self":[{"href":"https:\/\/etiliseramik.com\/en\/wp-json\/wp\/v2\/product\/9351","targetHints":{"allow":["GET"]}}],"collection":[{"href":"https:\/\/etiliseramik.com\/en\/wp-json\/wp\/v2\/product"}],"about":[{"href":"https:\/\/etiliseramik.com\/en\/wp-json\/wp\/v2\/types\/product"}],"wp:featuredmedia":[{"embeddable":true,"href":"https:\/\/etiliseramik.com\/en\/wp-json\/wp\/v2\/media\/9352"}],"wp:attachment":[{"href":"https:\/\/etiliseramik.com\/en\/wp-json\/wp\/v2\/media?parent=9351"}],"wp:term":[{"taxonomy":"product_brand","embeddable":true,"href":"https:\/\/etiliseramik.com\/en\/wp-json\/wp\/v2\/product_brand?post=9351"},{"taxonomy":"product_cat","embeddable":true,"href":"https:\/\/etiliseramik.com\/en\/wp-json\/wp\/v2\/product_cat?post=9351"},{"taxonomy":"product_tag","embeddable":true,"href":"https:\/\/etiliseramik.com\/en\/wp-json\/wp\/v2\/product_tag?post=9351"},{"taxonomy":"seramik_isim_renk","embeddable":true,"href":"https:\/\/etiliseramik.com\/en\/wp-json\/wp\/v2\/seramik_isim_renk?post=9351"},{"taxonomy":"seramik_renk","embeddable":true,"href":"https:\/\/etiliseramik.com\/en\/wp-json\/wp\/v2\/seramik_renk?post=9351"},{"taxonomy":"seramik_ebat","embeddable":true,"href":"https:\/\/etiliseramik.com\/en\/wp-json\/wp\/v2\/seramik_ebat?post=9351"},{"taxonomy":"seramik_doku","embeddable":true,"href":"https:\/\/etiliseramik.com\/en\/wp-json\/wp\/v2\/seramik_doku?post=9351"},{"taxonomy":"seramik_uygulama","embeddable":true,"href":"https:\/\/etiliseramik.com\/en\/wp-json\/wp\/v2\/seramik_uygulama?post=9351"},{"taxonomy":"seramik_rolyef","embeddable":true,"href":"https:\/\/etiliseramik.com\/en\/wp-json\/wp\/v2\/seramik_rolyef?post=9351"},{"taxonomy":"seramik_yuzey_bitis","embeddable":true,"href":"https:\/\/etiliseramik.com\/en\/wp-json\/wp\/v2\/seramik_yuzey_bitis?post=9351"},{"taxonomy":"seramik_ozellik","embeddable":true,"href":"https:\/\/etiliseramik.com\/en\/wp-json\/wp\/v2\/seramik_ozellik?post=9351"},{"taxonomy":"seramik_kalinlik","embeddable":true,"href":"https:\/\/etiliseramik.com\/en\/wp-json\/wp\/v2\/seramik_kalinlik?post=9351"},{"taxonomy":"seramik_kenar_bicimi","embeddable":true,"href":"https:\/\/etiliseramik.com\/en\/wp-json\/wp\/v2\/seramik_kenar_bicimi?post=9351"},{"taxonomy":"seramik_dona_dayanikli","embeddable":true,"href":"https:\/\/etiliseramik.com\/en\/wp-json\/wp\/v2\/seramik_dona_dayanikli?post=9351"}],"curies":[{"name":"wp","href":"https:\/\/api.w.org\/{rel}","templated":true}]}}