{"id":9347,"date":"2026-04-27T16:49:46","date_gmt":"2026-04-27T13:49:46","guid":{"rendered":"https:\/\/etiliseramik.com\/?post_type=product&#038;p=9347"},"modified":"2026-04-27T16:49:46","modified_gmt":"2026-04-27T13:49:46","slug":"gokceada-acik-mavi-30x60-sugar-effect-75mm","status":"publish","type":"product","link":"https:\/\/etiliseramik.com\/en\/product\/gokceada\/gokceada-acik-mavi-30x60-sugar-effect-75mm\/","title":{"rendered":"G\u00f6k\u00e7eada Light Blue 30\u00d760 Sugar Effect 7,5mm"},"content":{"rendered":"","protected":false},"excerpt":{"rendered":"","protected":false},"featured_media":9348,"template":"","meta":[],"product_brand":[],"product_cat":[3671],"product_tag":[3573,3678,3702,3704,3703,3711,3608,3712,3700,3701,3706,3705,3652,3710,3709,3607,3707,3609,3681,3708],"seramik_isim_renk":[3672],"seramik_renk":[123],"seramik_ebat":[137],"seramik_doku":[72],"seramik_uygulama":[81],"seramik_rolyef":[85],"seramik_yuzey_bitis":[3572],"seramik_ozellik":[87],"seramik_kalinlik":[3502],"seramik_kenar_bicimi":[93],"seramik_dona_dayanikli":[95],"class_list":{"0":"post-9347","1":"product","2":"type-product","3":"status-publish","4":"has-post-thumbnail","6":"product_cat-gokceada","7":"product_tag-2026-koleksiyonu","8":"product_tag-30x60-mavi-porselen-karo","9":"product_tag-acik-mavi-tas-gorunumlu-seramik-30x60","10":"product_tag-acik-mavi-zemin-seramik-karo","11":"product_tag-beton-gorunumlu-acik-mavi-seramik","12":"product_tag-decorative-light-blue-pool-tile","13":"product_tag-dis-mekan-seramik-30x60","14":"product_tag-etili-seramik-gokceada-acik-mavi","15":"product_tag-gokceada-acik-mavi-30x60-seramik","16":"product_tag-gokceada-acik-mavi-sugar-effect-seramik","17":"product_tag-havuz-duvar-seramik-acik-mavi-ton","18":"product_tag-havuz-ici-seramik-acik-mavi","19":"product_tag-havuz-zemin-seramik-kaymaz-yuzey","20":"product_tag-light-blue-porcelain-tile-30x60","21":"product_tag-light-blue-stone-look-tile","22":"product_tag-modern-havuz-tasarim-seramik","23":"product_tag-pool-tile-light-blue-ceramic","24":"product_tag-rektifiyeli-seramik-30x60","25":"product_tag-suya-dayanikli-porselen-karo-30x60","26":"product_tag-swimming-pool-light-blue-tile-30x60","27":"seramik_isim_renk-acik-mavi","28":"seramik_renk-other-colors","29":"seramik_ebat-30x60","30":"seramik_doku-marble","31":"seramik_uygulama-pool","32":"seramik_rolyef-hayir","33":"seramik_yuzey_bitis-sugar-effect","34":"seramik_ozellik-porselen","35":"seramik_kalinlik-7-5-mm","36":"seramik_kenar_bicimi-rektifiyesiz","37":"seramik_dona_dayanikli-evet","39":"first","40":"instock","41":"shipping-taxable","42":"product-type-simple"},"_links":{"self":[{"href":"https:\/\/etiliseramik.com\/en\/wp-json\/wp\/v2\/product\/9347","targetHints":{"allow":["GET"]}}],"collection":[{"href":"https:\/\/etiliseramik.com\/en\/wp-json\/wp\/v2\/product"}],"about":[{"href":"https:\/\/etiliseramik.com\/en\/wp-json\/wp\/v2\/types\/product"}],"wp:featuredmedia":[{"embeddable":true,"href":"https:\/\/etiliseramik.com\/en\/wp-json\/wp\/v2\/media\/9348"}],"wp:attachment":[{"href":"https:\/\/etiliseramik.com\/en\/wp-json\/wp\/v2\/media?parent=9347"}],"wp:term":[{"taxonomy":"product_brand","embeddable":true,"href":"https:\/\/etiliseramik.com\/en\/wp-json\/wp\/v2\/product_brand?post=9347"},{"taxonomy":"product_cat","embeddable":true,"href":"https:\/\/etiliseramik.com\/en\/wp-json\/wp\/v2\/product_cat?post=9347"},{"taxonomy":"product_tag","embeddable":true,"href":"https:\/\/etiliseramik.com\/en\/wp-json\/wp\/v2\/product_tag?post=9347"},{"taxonomy":"seramik_isim_renk","embeddable":true,"href":"https:\/\/etiliseramik.com\/en\/wp-json\/wp\/v2\/seramik_isim_renk?post=9347"},{"taxonomy":"seramik_renk","embeddable":true,"href":"https:\/\/etiliseramik.com\/en\/wp-json\/wp\/v2\/seramik_renk?post=9347"},{"taxonomy":"seramik_ebat","embeddable":true,"href":"https:\/\/etiliseramik.com\/en\/wp-json\/wp\/v2\/seramik_ebat?post=9347"},{"taxonomy":"seramik_doku","embeddable":true,"href":"https:\/\/etiliseramik.com\/en\/wp-json\/wp\/v2\/seramik_doku?post=9347"},{"taxonomy":"seramik_uygulama","embeddable":true,"href":"https:\/\/etiliseramik.com\/en\/wp-json\/wp\/v2\/seramik_uygulama?post=9347"},{"taxonomy":"seramik_rolyef","embeddable":true,"href":"https:\/\/etiliseramik.com\/en\/wp-json\/wp\/v2\/seramik_rolyef?post=9347"},{"taxonomy":"seramik_yuzey_bitis","embeddable":true,"href":"https:\/\/etiliseramik.com\/en\/wp-json\/wp\/v2\/seramik_yuzey_bitis?post=9347"},{"taxonomy":"seramik_ozellik","embeddable":true,"href":"https:\/\/etiliseramik.com\/en\/wp-json\/wp\/v2\/seramik_ozellik?post=9347"},{"taxonomy":"seramik_kalinlik","embeddable":true,"href":"https:\/\/etiliseramik.com\/en\/wp-json\/wp\/v2\/seramik_kalinlik?post=9347"},{"taxonomy":"seramik_kenar_bicimi","embeddable":true,"href":"https:\/\/etiliseramik.com\/en\/wp-json\/wp\/v2\/seramik_kenar_bicimi?post=9347"},{"taxonomy":"seramik_dona_dayanikli","embeddable":true,"href":"https:\/\/etiliseramik.com\/en\/wp-json\/wp\/v2\/seramik_dona_dayanikli?post=9347"}],"curies":[{"name":"wp","href":"https:\/\/api.w.org\/{rel}","templated":true}]}}