{"id":9343,"date":"2026-04-27T16:42:26","date_gmt":"2026-04-27T13:42:26","guid":{"rendered":"https:\/\/etiliseramik.com\/?post_type=product&#038;p=9343"},"modified":"2026-04-27T16:42:26","modified_gmt":"2026-04-27T13:42:26","slug":"gokceada-koyu-mavi-30x60-sugar-effect-75mm","status":"publish","type":"product","link":"https:\/\/etiliseramik.com\/en\/product\/gokceada\/gokceada-koyu-mavi-30x60-sugar-effect-75mm\/","title":{"rendered":"G\u00f6k\u00e7eada Dark Blue 30\u00d760 Sugar Effect 7,5mm"},"content":{"rendered":"","protected":false},"excerpt":{"rendered":"","protected":false},"featured_media":9342,"template":"","meta":[],"product_brand":[],"product_cat":[3671],"product_tag":[3573,3678,3687,3677,3684,3685,3686,3608,3688,457,411,3674,3675,3618,3680,3652,3676,3679,3607,3682,3609,456,3681,3683],"seramik_isim_renk":[783],"seramik_renk":[123],"seramik_ebat":[137],"seramik_doku":[72],"seramik_uygulama":[81],"seramik_rolyef":[85],"seramik_yuzey_bitis":[3572],"seramik_ozellik":[87],"seramik_kalinlik":[3502],"seramik_kenar_bicimi":[93],"seramik_dona_dayanikli":[95],"class_list":{"0":"post-9343","1":"product","2":"type-product","3":"status-publish","4":"has-post-thumbnail","6":"product_cat-gokceada","7":"product_tag-2026-koleksiyonu","8":"product_tag-30x60-mavi-porselen-karo","9":"product_tag-banyo-zemin-seramik-mavi-ton","10":"product_tag-beton-gorunumlu-mavi-seramik-30x60","11":"product_tag-blue-stone-look-tile-30x60","12":"product_tag-dark-blue-porcelain-tile-30x60","13":"product_tag-decorative-blue-floor-tile","14":"product_tag-dis-mekan-seramik-30x60","15":"product_tag-etili-seramik-gokceada-mavi","16":"product_tag-fayans","17":"product_tag-fayans-fiyatlari","18":"product_tag-gokceada-koyu-mavi-30x60-seramik","19":"product_tag-gokceada-mavi-30x60-havuz-seramik","20":"product_tag-havuz-duvar-seramik-mavi-ton","21":"product_tag-havuz-ici-seramik-koyu-mavi","22":"product_tag-havuz-zemin-seramik-kaymaz-yuzey","23":"product_tag-koyu-mavi-tas-gorunumlu-seramik","24":"product_tag-koyu-mavi-zemin-seramik","25":"product_tag-modern-havuz-tasarim-seramik","26":"product_tag-pool-tile-dark-blue-ceramic","27":"product_tag-rektifiyeli-seramik-30x60","28":"product_tag-seramik","29":"product_tag-suya-dayanikli-porselen-karo-30x60","30":"product_tag-swimming-pool-dark-blue-tile","31":"seramik_isim_renk-koyu-mavi","32":"seramik_renk-other-colors","33":"seramik_ebat-30x60","34":"seramik_doku-marble","35":"seramik_uygulama-pool","36":"seramik_rolyef-hayir","37":"seramik_yuzey_bitis-sugar-effect","38":"seramik_ozellik-porselen","39":"seramik_kalinlik-7-5-mm","40":"seramik_kenar_bicimi-rektifiyesiz","41":"seramik_dona_dayanikli-evet","43":"first","44":"instock","45":"shipping-taxable","46":"product-type-simple"},"_links":{"self":[{"href":"https:\/\/etiliseramik.com\/en\/wp-json\/wp\/v2\/product\/9343","targetHints":{"allow":["GET"]}}],"collection":[{"href":"https:\/\/etiliseramik.com\/en\/wp-json\/wp\/v2\/product"}],"about":[{"href":"https:\/\/etiliseramik.com\/en\/wp-json\/wp\/v2\/types\/product"}],"wp:featuredmedia":[{"embeddable":true,"href":"https:\/\/etiliseramik.com\/en\/wp-json\/wp\/v2\/media\/9342"}],"wp:attachment":[{"href":"https:\/\/etiliseramik.com\/en\/wp-json\/wp\/v2\/media?parent=9343"}],"wp:term":[{"taxonomy":"product_brand","embeddable":true,"href":"https:\/\/etiliseramik.com\/en\/wp-json\/wp\/v2\/product_brand?post=9343"},{"taxonomy":"product_cat","embeddable":true,"href":"https:\/\/etiliseramik.com\/en\/wp-json\/wp\/v2\/product_cat?post=9343"},{"taxonomy":"product_tag","embeddable":true,"href":"https:\/\/etiliseramik.com\/en\/wp-json\/wp\/v2\/product_tag?post=9343"},{"taxonomy":"seramik_isim_renk","embeddable":true,"href":"https:\/\/etiliseramik.com\/en\/wp-json\/wp\/v2\/seramik_isim_renk?post=9343"},{"taxonomy":"seramik_renk","embeddable":true,"href":"https:\/\/etiliseramik.com\/en\/wp-json\/wp\/v2\/seramik_renk?post=9343"},{"taxonomy":"seramik_ebat","embeddable":true,"href":"https:\/\/etiliseramik.com\/en\/wp-json\/wp\/v2\/seramik_ebat?post=9343"},{"taxonomy":"seramik_doku","embeddable":true,"href":"https:\/\/etiliseramik.com\/en\/wp-json\/wp\/v2\/seramik_doku?post=9343"},{"taxonomy":"seramik_uygulama","embeddable":true,"href":"https:\/\/etiliseramik.com\/en\/wp-json\/wp\/v2\/seramik_uygulama?post=9343"},{"taxonomy":"seramik_rolyef","embeddable":true,"href":"https:\/\/etiliseramik.com\/en\/wp-json\/wp\/v2\/seramik_rolyef?post=9343"},{"taxonomy":"seramik_yuzey_bitis","embeddable":true,"href":"https:\/\/etiliseramik.com\/en\/wp-json\/wp\/v2\/seramik_yuzey_bitis?post=9343"},{"taxonomy":"seramik_ozellik","embeddable":true,"href":"https:\/\/etiliseramik.com\/en\/wp-json\/wp\/v2\/seramik_ozellik?post=9343"},{"taxonomy":"seramik_kalinlik","embeddable":true,"href":"https:\/\/etiliseramik.com\/en\/wp-json\/wp\/v2\/seramik_kalinlik?post=9343"},{"taxonomy":"seramik_kenar_bicimi","embeddable":true,"href":"https:\/\/etiliseramik.com\/en\/wp-json\/wp\/v2\/seramik_kenar_bicimi?post=9343"},{"taxonomy":"seramik_dona_dayanikli","embeddable":true,"href":"https:\/\/etiliseramik.com\/en\/wp-json\/wp\/v2\/seramik_dona_dayanikli?post=9343"}],"curies":[{"name":"wp","href":"https:\/\/api.w.org\/{rel}","templated":true}]}}