{"id":8564,"date":"2025-10-24T23:29:28","date_gmt":"2025-10-24T20:29:28","guid":{"rendered":"https:\/\/etiliseramik.com\/product\/kategorilenmemis\/mese-kizil-60x120-mat-9mm\/"},"modified":"2025-12-22T14:53:08","modified_gmt":"2025-12-22T11:53:08","slug":"mese-kizil-60x120-mat-9mm","status":"publish","type":"product","link":"https:\/\/etiliseramik.com\/en\/product\/mese\/mese-kizil-60x120-mat-9mm\/","title":{"rendered":"Me\u015fe K\u0131z\u0131l 60&#215;120 Mat 9mm"},"content":{"rendered":"","protected":false},"excerpt":{"rendered":"","protected":false},"featured_media":2652,"template":"","meta":[],"product_brand":[],"product_cat":[220],"product_tag":[634,365,301,907,314,2081,371,2077,2080,290,2093,2092,2079,308,2046,2096,2094,307,649,458,2095,2073,305,378],"seramik_isim_renk":[2091],"seramik_renk":[123],"seramik_ebat":[71],"seramik_doku":[73],"seramik_uygulama":[79,3498,80,82,3500],"seramik_rolyef":[85],"seramik_yuzey_bitis":[92],"seramik_ozellik":[87],"seramik_kalinlik":[3503],"seramik_kenar_bicimi":[94],"seramik_dona_dayanikli":[95],"class_list":{"0":"post-8564","1":"product","2":"type-product","3":"status-publish","4":"has-post-thumbnail","6":"product_cat-mese","7":"product_tag-60x120","8":"product_tag-60x120-fayans","9":"product_tag-60x120-seramik","10":"product_tag-ahsap-gorunumlu-seramik","11":"product_tag-antre-koridor-karo","12":"product_tag-banyo-zemini-seramik","13":"product_tag-dekoratif-buyuk-boy-karo","14":"product_tag-dogal-ahsap-damar","15":"product_tag-kafe-zemin-seramik","16":"product_tag-mat","17":"product_tag-mese-desenli-seramik","18":"product_tag-mese-kizil","19":"product_tag-modern-zemin-kaplama","20":"product_tag-mutfak-zemini-seramik","21":"product_tag-ofis-zemin-seramik","22":"product_tag-park-e-efekti-karo","23":"product_tag-rustik-kizil-mese","24":"product_tag-salon-yer-karosu","25":"product_tag-seramik-fayans","26":"product_tag-seramik-modelleri","27":"product_tag-sicak-kahverengi-ahsap-tonu","28":"product_tag-wood-look-seramik","29":"product_tag-yer-seramigi","30":"product_tag-yer-seramik","31":"seramik_isim_renk-kizil","32":"seramik_renk-other-colors","33":"seramik_ebat-60x120","34":"seramik_doku-wood","35":"seramik_uygulama-outdoor","36":"seramik_uygulama-duvar","37":"seramik_uygulama-indoor","38":"seramik_uygulama-terrace","39":"seramik_uygulama-zemin","40":"seramik_rolyef-hayir","41":"seramik_yuzey_bitis-matte","42":"seramik_ozellik-porselen","43":"seramik_kalinlik-9-mm","44":"seramik_kenar_bicimi-rektifiyeli","45":"seramik_dona_dayanikli-evet","47":"first","48":"instock","49":"shipping-taxable","50":"product-type-simple"},"_links":{"self":[{"href":"https:\/\/etiliseramik.com\/en\/wp-json\/wp\/v2\/product\/8564","targetHints":{"allow":["GET"]}}],"collection":[{"href":"https:\/\/etiliseramik.com\/en\/wp-json\/wp\/v2\/product"}],"about":[{"href":"https:\/\/etiliseramik.com\/en\/wp-json\/wp\/v2\/types\/product"}],"wp:featuredmedia":[{"embeddable":true,"href":"https:\/\/etiliseramik.com\/en\/wp-json\/wp\/v2\/media\/2652"}],"wp:attachment":[{"href":"https:\/\/etiliseramik.com\/en\/wp-json\/wp\/v2\/media?parent=8564"}],"wp:term":[{"taxonomy":"product_brand","embeddable":true,"href":"https:\/\/etiliseramik.com\/en\/wp-json\/wp\/v2\/product_brand?post=8564"},{"taxonomy":"product_cat","embeddable":true,"href":"https:\/\/etiliseramik.com\/en\/wp-json\/wp\/v2\/product_cat?post=8564"},{"taxonomy":"product_tag","embeddable":true,"href":"https:\/\/etiliseramik.com\/en\/wp-json\/wp\/v2\/product_tag?post=8564"},{"taxonomy":"seramik_isim_renk","embeddable":true,"href":"https:\/\/etiliseramik.com\/en\/wp-json\/wp\/v2\/seramik_isim_renk?post=8564"},{"taxonomy":"seramik_renk","embeddable":true,"href":"https:\/\/etiliseramik.com\/en\/wp-json\/wp\/v2\/seramik_renk?post=8564"},{"taxonomy":"seramik_ebat","embeddable":true,"href":"https:\/\/etiliseramik.com\/en\/wp-json\/wp\/v2\/seramik_ebat?post=8564"},{"taxonomy":"seramik_doku","embeddable":true,"href":"https:\/\/etiliseramik.com\/en\/wp-json\/wp\/v2\/seramik_doku?post=8564"},{"taxonomy":"seramik_uygulama","embeddable":true,"href":"https:\/\/etiliseramik.com\/en\/wp-json\/wp\/v2\/seramik_uygulama?post=8564"},{"taxonomy":"seramik_rolyef","embeddable":true,"href":"https:\/\/etiliseramik.com\/en\/wp-json\/wp\/v2\/seramik_rolyef?post=8564"},{"taxonomy":"seramik_yuzey_bitis","embeddable":true,"href":"https:\/\/etiliseramik.com\/en\/wp-json\/wp\/v2\/seramik_yuzey_bitis?post=8564"},{"taxonomy":"seramik_ozellik","embeddable":true,"href":"https:\/\/etiliseramik.com\/en\/wp-json\/wp\/v2\/seramik_ozellik?post=8564"},{"taxonomy":"seramik_kalinlik","embeddable":true,"href":"https:\/\/etiliseramik.com\/en\/wp-json\/wp\/v2\/seramik_kalinlik?post=8564"},{"taxonomy":"seramik_kenar_bicimi","embeddable":true,"href":"https:\/\/etiliseramik.com\/en\/wp-json\/wp\/v2\/seramik_kenar_bicimi?post=8564"},{"taxonomy":"seramik_dona_dayanikli","embeddable":true,"href":"https:\/\/etiliseramik.com\/en\/wp-json\/wp\/v2\/seramik_dona_dayanikli?post=8564"}],"curies":[{"name":"wp","href":"https:\/\/api.w.org\/{rel}","templated":true}]}}