{"id":8337,"date":"2025-10-24T23:28:29","date_gmt":"2025-10-24T20:28:29","guid":{"rendered":"https:\/\/etiliseramik.com\/product\/kategorilenmemis\/datca-acik-gri-60x60-mat-9mm\/"},"modified":"2025-12-23T16:32:21","modified_gmt":"2025-12-23T13:32:21","slug":"datca-acik-gri-60x60-mat-9mm","status":"publish","type":"product","link":"https:\/\/etiliseramik.com\/en\/product\/datca\/datca-acik-gri-60x60-mat-9mm\/","title":{"rendered":"Dat\u00e7a A\u00e7\u0131k Gri 60&#215;60 Mat 9mm"},"content":{"rendered":"","protected":false},"excerpt":{"rendered":"","protected":false},"featured_media":2222,"template":"","meta":[],"product_brand":[],"product_cat":[175],"product_tag":[864,675,433,498,532,515,535,543,537,461,508,521,106,1311,466,966,516,101,507,453,455,464,497,457,411,517,431,513,512,518,967,526,436,540,432,103,463,536,514,519,496,290,968,100,520,531,523,524,522,462,533,529,539,541,510,691,437,534,456,458,525,528,538,542,698,454,409,530,527,511,506,452],"seramik_isim_renk":[611],"seramik_renk":[122],"seramik_ebat":[141],"seramik_doku":[72],"seramik_uygulama":[79,3498,80,3500],"seramik_rolyef":[85],"seramik_yuzey_bitis":[92],"seramik_ozellik":[87],"seramik_kalinlik":[3503],"seramik_kenar_bicimi":[94],"seramik_dona_dayanikli":[95],"class_list":{"0":"post-8337","1":"product","2":"type-product","3":"status-publish","4":"has-post-thumbnail","6":"product_cat-datca","7":"product_tag-60x60","8":"product_tag-9mm","9":"product_tag-acik-gri","10":"product_tag-ahsap-uyumlu","11":"product_tag-altin-detay-uyumlu","12":"product_tag-antrasit","13":"product_tag-antre-icin","14":"product_tag-backsplash","15":"product_tag-balkon-icin","16":"product_tag-banyo-fayans-modelleri","17":"product_tag-banyo-icin","18":"product_tag-beyazla-kontrast","19":"product_tag-damarli","20":"product_tag-datca","21":"product_tag-dekorasyon-ornekleri","22":"product_tag-dis","23":"product_tag-duman-gri","24":"product_tag-duvar","25":"product_tag-duvar-icin","26":"product_tag-duvar-kaplama","27":"product_tag-duvar-karosu","28":"product_tag-en-iyi-seramik-markalari","29":"product_tag-endustriyel-stil","30":"product_tag-fayans","31":"product_tag-fayans-fiyatlari","32":"product_tag-grafit","33":"product_tag-gri","34":"product_tag-gri-fayans","35":"product_tag-gri-seramik","36":"product_tag-gun-metal","37":"product_tag-ic","38":"product_tag-japandi-stil","39":"product_tag-kabartmasiz","40":"product_tag-kafe-icin","41":"product_tag-kalinlik","42":"product_tag-karo","43":"product_tag-karo-fiyatlari","44":"product_tag-koridor-icin","45":"product_tag-koyu-gri","46":"product_tag-kursuni-gri","47":"product_tag-loft-stil","48":"product_tag-mat","49":"product_tag-mekan","50":"product_tag-mermer","51":"product_tag-mermerle-uyumlu-gri","52":"product_tag-metal-detay-uyumlu","53":"product_tag-minimal-stil","54":"product_tag-modern-tasarim","55":"product_tag-monokrom-dekor","56":"product_tag-mutfak-fayans-modelleri","57":"product_tag-mutfak-icin","58":"product_tag-naturel-tonlar","59":"product_tag-ofis-icin","60":"product_tag-otel-icin","61":"product_tag-porselen","62":"product_tag-rektifiyeli","63":"product_tag-rolyefsiz","64":"product_tag-salon-icin","65":"product_tag-seramik","66":"product_tag-seramik-modelleri","67":"product_tag-skandinav-stil","68":"product_tag-soft-tonlar","69":"product_tag-teras-icin","70":"product_tag-tezgah-arasi","71":"product_tag-yer","72":"product_tag-yer-dosemesi","73":"product_tag-yer-karosu","74":"product_tag-zamansiz-gorunum","75":"product_tag-zarif-ve-sade","76":"product_tag-zemin","77":"product_tag-zemin-icin","78":"product_tag-zemin-kaplama","79":"seramik_isim_renk-acik-gri","80":"seramik_renk-grey","81":"seramik_ebat-60x60","82":"seramik_doku-marble","83":"seramik_uygulama-outdoor","84":"seramik_uygulama-duvar","85":"seramik_uygulama-indoor","86":"seramik_uygulama-zemin","87":"seramik_rolyef-hayir","88":"seramik_yuzey_bitis-matte","89":"seramik_ozellik-porselen","90":"seramik_kalinlik-9-mm","91":"seramik_kenar_bicimi-rektifiyeli","92":"seramik_dona_dayanikli-evet","94":"first","95":"instock","96":"shipping-taxable","97":"product-type-simple"},"_links":{"self":[{"href":"https:\/\/etiliseramik.com\/en\/wp-json\/wp\/v2\/product\/8337","targetHints":{"allow":["GET"]}}],"collection":[{"href":"https:\/\/etiliseramik.com\/en\/wp-json\/wp\/v2\/product"}],"about":[{"href":"https:\/\/etiliseramik.com\/en\/wp-json\/wp\/v2\/types\/product"}],"wp:featuredmedia":[{"embeddable":true,"href":"https:\/\/etiliseramik.com\/en\/wp-json\/wp\/v2\/media\/2222"}],"wp:attachment":[{"href":"https:\/\/etiliseramik.com\/en\/wp-json\/wp\/v2\/media?parent=8337"}],"wp:term":[{"taxonomy":"product_brand","embeddable":true,"href":"https:\/\/etiliseramik.com\/en\/wp-json\/wp\/v2\/product_brand?post=8337"},{"taxonomy":"product_cat","embeddable":true,"href":"https:\/\/etiliseramik.com\/en\/wp-json\/wp\/v2\/product_cat?post=8337"},{"taxonomy":"product_tag","embeddable":true,"href":"https:\/\/etiliseramik.com\/en\/wp-json\/wp\/v2\/product_tag?post=8337"},{"taxonomy":"seramik_isim_renk","embeddable":true,"href":"https:\/\/etiliseramik.com\/en\/wp-json\/wp\/v2\/seramik_isim_renk?post=8337"},{"taxonomy":"seramik_renk","embeddable":true,"href":"https:\/\/etiliseramik.com\/en\/wp-json\/wp\/v2\/seramik_renk?post=8337"},{"taxonomy":"seramik_ebat","embeddable":true,"href":"https:\/\/etiliseramik.com\/en\/wp-json\/wp\/v2\/seramik_ebat?post=8337"},{"taxonomy":"seramik_doku","embeddable":true,"href":"https:\/\/etiliseramik.com\/en\/wp-json\/wp\/v2\/seramik_doku?post=8337"},{"taxonomy":"seramik_uygulama","embeddable":true,"href":"https:\/\/etiliseramik.com\/en\/wp-json\/wp\/v2\/seramik_uygulama?post=8337"},{"taxonomy":"seramik_rolyef","embeddable":true,"href":"https:\/\/etiliseramik.com\/en\/wp-json\/wp\/v2\/seramik_rolyef?post=8337"},{"taxonomy":"seramik_yuzey_bitis","embeddable":true,"href":"https:\/\/etiliseramik.com\/en\/wp-json\/wp\/v2\/seramik_yuzey_bitis?post=8337"},{"taxonomy":"seramik_ozellik","embeddable":true,"href":"https:\/\/etiliseramik.com\/en\/wp-json\/wp\/v2\/seramik_ozellik?post=8337"},{"taxonomy":"seramik_kalinlik","embeddable":true,"href":"https:\/\/etiliseramik.com\/en\/wp-json\/wp\/v2\/seramik_kalinlik?post=8337"},{"taxonomy":"seramik_kenar_bicimi","embeddable":true,"href":"https:\/\/etiliseramik.com\/en\/wp-json\/wp\/v2\/seramik_kenar_bicimi?post=8337"},{"taxonomy":"seramik_dona_dayanikli","embeddable":true,"href":"https:\/\/etiliseramik.com\/en\/wp-json\/wp\/v2\/seramik_dona_dayanikli?post=8337"}],"curies":[{"name":"wp","href":"https:\/\/api.w.org\/{rel}","templated":true}]}}