{"id":8165,"date":"2025-10-24T23:27:43","date_gmt":"2025-10-24T20:27:43","guid":{"rendered":"https:\/\/etiliseramik.com\/product\/kategorilenmemis\/cakil-tasi-cakil-tasi-45x45-mat-7-5mm\/"},"modified":"2025-12-09T15:23:46","modified_gmt":"2025-12-09T12:23:46","slug":"cakil-tasi-cakil-tasi-45x45-mat-75mm","status":"publish","type":"product","link":"https:\/\/etiliseramik.com\/en\/product\/cakil-tasi\/cakil-tasi-cakil-tasi-45x45-mat-75mm\/","title":{"rendered":"\u00c7ak\u0131l Ta\u015f\u0131 \u00c7ak\u0131l Ta\u015f\u0131 45&#215;45 Mat 7,5mm"},"content":{"rendered":"","protected":false},"excerpt":{"rendered":"","protected":false},"featured_media":4498,"template":"","meta":[],"product_brand":[],"product_cat":[173],"product_tag":[509,892,890,891,889,108,414,150,943,944,672,449,101,431,434,618,475,432,894,896,893,897,895,103,685,290,750,898,510,105,617,850,458,715,333,698,899,511,631],"seramik_isim_renk":[942],"seramik_renk":[123],"seramik_ebat":[139],"seramik_doku":[75],"seramik_uygulama":[3498,80,82,3500],"seramik_rolyef":[84],"seramik_yuzey_bitis":[92],"seramik_ozellik":[87],"seramik_kalinlik":[3502],"seramik_kenar_bicimi":[93],"seramik_dona_dayanikli":[95],"class_list":{"0":"post-8165","1":"product","2":"type-product","3":"status-publish","4":"has-post-thumbnail","6":"product_cat-cakil-tasi","7":"product_tag-45x45","8":"product_tag-45x45-fayans","9":"product_tag-45x45-karo","10":"product_tag-45x45-seramik","11":"product_tag-45x45-yer-karosu","12":"product_tag-75mm","13":"product_tag-banyo-fayans-fiyatlari","14":"product_tag-bej","15":"product_tag-cakil-tasi","16":"product_tag-deniz-kabugu","17":"product_tag-desenli","18":"product_tag-dis-mekan","19":"product_tag-duvar","20":"product_tag-gri","21":"product_tag-ic-mekan","22":"product_tag-kabartmali","23":"product_tag-kahve","24":"product_tag-kalinlik","25":"product_tag-kare-fayans","26":"product_tag-kare-format","27":"product_tag-kare-karo","28":"product_tag-kare-olcu","29":"product_tag-kare-seramik","30":"product_tag-karo","31":"product_tag-krem","32":"product_tag-mat","33":"product_tag-mavi","34":"product_tag-orta-boy-karo","35":"product_tag-porselen","36":"product_tag-rektifiyesiz","37":"product_tag-rolyefli","38":"product_tag-seramik-fiyatlari","39":"product_tag-seramik-modelleri","40":"product_tag-tas","41":"product_tag-tas-gorunumlu-seramik","42":"product_tag-yer","43":"product_tag-yerden-isitma-uygun-seramik","44":"product_tag-zemin","45":"product_tag-zemine-uygun-seramik","46":"seramik_isim_renk-cakil-tasi","47":"seramik_renk-other-colors","48":"seramik_ebat-45x45","49":"seramik_doku-natural-stone","50":"seramik_uygulama-duvar","51":"seramik_uygulama-indoor","52":"seramik_uygulama-terrace","53":"seramik_uygulama-zemin","54":"seramik_rolyef-evet","55":"seramik_yuzey_bitis-matte","56":"seramik_ozellik-porselen","57":"seramik_kalinlik-7-5-mm","58":"seramik_kenar_bicimi-rektifiyesiz","59":"seramik_dona_dayanikli-evet","61":"first","62":"instock","63":"shipping-taxable","64":"product-type-simple"},"_links":{"self":[{"href":"https:\/\/etiliseramik.com\/en\/wp-json\/wp\/v2\/product\/8165","targetHints":{"allow":["GET"]}}],"collection":[{"href":"https:\/\/etiliseramik.com\/en\/wp-json\/wp\/v2\/product"}],"about":[{"href":"https:\/\/etiliseramik.com\/en\/wp-json\/wp\/v2\/types\/product"}],"wp:featuredmedia":[{"embeddable":true,"href":"https:\/\/etiliseramik.com\/en\/wp-json\/wp\/v2\/media\/4498"}],"wp:attachment":[{"href":"https:\/\/etiliseramik.com\/en\/wp-json\/wp\/v2\/media?parent=8165"}],"wp:term":[{"taxonomy":"product_brand","embeddable":true,"href":"https:\/\/etiliseramik.com\/en\/wp-json\/wp\/v2\/product_brand?post=8165"},{"taxonomy":"product_cat","embeddable":true,"href":"https:\/\/etiliseramik.com\/en\/wp-json\/wp\/v2\/product_cat?post=8165"},{"taxonomy":"product_tag","embeddable":true,"href":"https:\/\/etiliseramik.com\/en\/wp-json\/wp\/v2\/product_tag?post=8165"},{"taxonomy":"seramik_isim_renk","embeddable":true,"href":"https:\/\/etiliseramik.com\/en\/wp-json\/wp\/v2\/seramik_isim_renk?post=8165"},{"taxonomy":"seramik_renk","embeddable":true,"href":"https:\/\/etiliseramik.com\/en\/wp-json\/wp\/v2\/seramik_renk?post=8165"},{"taxonomy":"seramik_ebat","embeddable":true,"href":"https:\/\/etiliseramik.com\/en\/wp-json\/wp\/v2\/seramik_ebat?post=8165"},{"taxonomy":"seramik_doku","embeddable":true,"href":"https:\/\/etiliseramik.com\/en\/wp-json\/wp\/v2\/seramik_doku?post=8165"},{"taxonomy":"seramik_uygulama","embeddable":true,"href":"https:\/\/etiliseramik.com\/en\/wp-json\/wp\/v2\/seramik_uygulama?post=8165"},{"taxonomy":"seramik_rolyef","embeddable":true,"href":"https:\/\/etiliseramik.com\/en\/wp-json\/wp\/v2\/seramik_rolyef?post=8165"},{"taxonomy":"seramik_yuzey_bitis","embeddable":true,"href":"https:\/\/etiliseramik.com\/en\/wp-json\/wp\/v2\/seramik_yuzey_bitis?post=8165"},{"taxonomy":"seramik_ozellik","embeddable":true,"href":"https:\/\/etiliseramik.com\/en\/wp-json\/wp\/v2\/seramik_ozellik?post=8165"},{"taxonomy":"seramik_kalinlik","embeddable":true,"href":"https:\/\/etiliseramik.com\/en\/wp-json\/wp\/v2\/seramik_kalinlik?post=8165"},{"taxonomy":"seramik_kenar_bicimi","embeddable":true,"href":"https:\/\/etiliseramik.com\/en\/wp-json\/wp\/v2\/seramik_kenar_bicimi?post=8165"},{"taxonomy":"seramik_dona_dayanikli","embeddable":true,"href":"https:\/\/etiliseramik.com\/en\/wp-json\/wp\/v2\/seramik_dona_dayanikli?post=8165"}],"curies":[{"name":"wp","href":"https:\/\/api.w.org\/{rel}","templated":true}]}}