{"id":92,"date":"2025-09-09T19:06:15","date_gmt":"2025-09-09T16:06:15","guid":{"rendered":"http:\/\/localhost:8888\/test\/?page_id=520"},"modified":"2026-01-29T09:45:51","modified_gmt":"2026-01-29T06:45:51","slug":"about-us","status":"publish","type":"page","link":"https:\/\/etiliseramik.com\/en\/about-us\/","title":{"rendered":"About Us"},"content":{"rendered":"<div class=\"banner has-hover has-parallax\" id=\"banner-486668459\">\n          <div class=\"banner-inner fill\">\n        <div class=\"banner-bg fill\" data-parallax=\"-3\" data-parallax-container=\".banner\" data-parallax-background>\n            <img loading=\"lazy\" decoding=\"async\" width=\"1020\" height=\"539\" src=\"https:\/\/etiliseramik.com\/media\/fabrika_banner-1400x740.jpg\" class=\"bg attachment-large size-large\" alt=\"\" \/>                        <div class=\"overlay\"><\/div>            \n                    <\/div>\n\t\t\n        <div class=\"banner-layers container\">\n            <div class=\"fill banner-link\"><\/div>            \n   <div id=\"text-box-51180980\" class=\"text-box banner-layer x50 md-x50 lg-x50 y60 md-y60 lg-y60 res-text\">\n                                <div class=\"text-box-content text dark\">\n              \n              <div class=\"text-inner text-center\">\n                  \n<h4>Her Seramikte Bir Hikaye, Her Hikayede Biz Var\u0131z<\/h4>\n              <\/div>\n           <\/div>\n                            \n<style>\n#text-box-51180980 {\n  width: 60%;\n}\n#text-box-51180980 .text-box-content {\n  font-size: 100%;\n}\n<\/style>\n    <\/div>\n \n        <\/div>\n      <\/div>\n\n            \n<style>\n#banner-486668459 {\n  padding-top: 507px;\n}\n#banner-486668459 .overlay {\n  background-color: rgba(0, 0, 0, 0.331);\n}\n<\/style>\n  <\/div>\n\n\n\t<div id=\"gap-1964384617\" class=\"gap-element clearfix\" style=\"display:block; height:auto;\">\n\t\t\n<style>\n#gap-1964384617 {\n  padding-top: 50px;\n}\n<\/style>\n\t<\/div>\n\t\n<div class=\"row\"  id=\"row-403001922\">\n\n\t<div id=\"col-1122390490\" class=\"col small-12 large-12\"  >\n\t\t\t\t<div class=\"col-inner\"  >\n\t\t\t\n\t\t\t\n\t<div id=\"text-836612672\" class=\"text\">\n\t\t\n<p>Etili Seramik \u0130n\u015f. San. ve Tic. A.\u015e. olarak, 2006 y\u0131l\u0131n\u0131n A\u011fustos ay\u0131nda \u00c7anakkale\u2019nin \u00c7an il\u00e7esine ba\u011fl\u0131 Etili K\u00f6y\u00fc&#8217;nde bir hayalle yola \u00e7\u0131kt\u0131k. Bu yolculukta, <strong>Sedat Ergin<\/strong> ve <strong>\u0130smail T\u00fclek<\/strong>\u2019in \u00f6nc\u00fcl\u00fc\u011f\u00fcnde, topra\u011f\u0131n g\u00fcc\u00fcn\u00fc sanat ve teknolojiyle birle\u015ftirme vizyonunu benimsedik. Bug\u00fcn, bu vizyonla sadece seramik de\u011fil, ya\u015fam alanlar\u0131na de\u011fer katan hik\u00e2yeler \u00fcretiyoruz.<\/p>\n\t\t\n<style>\n#text-836612672 {\n  text-align: center;\n}\n<\/style>\n\t<\/div>\n\t\n\t\t<\/div>\n\t\t\t\t\t<\/div>\n\n\t\n<\/div>\n\n\t<section class=\"section\" id=\"section_1669112330\">\n\t\t<div class=\"section-bg fill\" >\n\t\t\t\t\t\t\t\t\t<div class=\"section-bg-overlay absolute fill\"><\/div>\n\t\t\t\n\n\t\t<\/div>\n\n\t\t\n\n\t\t<div class=\"section-content relative\">\n\t\t\t\n<div class=\"row row-large align-middle\"  id=\"row-128245132\">\n\n\t<div id=\"col-358039768\" class=\"col medium-6 small-12 large-6\"  >\n\t\t\t\t<div class=\"col-inner\"  >\n\t\t\t\n\t\t\t\n\t<div class=\"img has-hover x md-x lg-x y md-y lg-y\" id=\"image_2064847994\">\n\t\t\t\t\t\t\t\t<div class=\"img-inner dark\" >\n\t\t\t<img loading=\"lazy\" decoding=\"async\" width=\"1020\" height=\"572\" src=\"https:\/\/etiliseramik.com\/media\/fabrika_text_banner_1.jpg\" class=\"attachment-large size-large\" alt=\"\" srcset=\"https:\/\/etiliseramik.com\/media\/fabrika_text_banner_1.jpg 1034w, https:\/\/etiliseramik.com\/media\/fabrika_text_banner_1-713x400.jpg 713w, https:\/\/etiliseramik.com\/media\/fabrika_text_banner_1-768x431.jpg 768w, https:\/\/etiliseramik.com\/media\/fabrika_text_banner_1-18x10.jpg 18w, https:\/\/etiliseramik.com\/media\/fabrika_text_banner_1-247x139.jpg 247w, https:\/\/etiliseramik.com\/media\/fabrika_text_banner_1-510x286.jpg 510w\" sizes=\"auto, (max-width: 1020px) 100vw, 1020px\" \/>\t\t\t\t\t\t\n\t\t\t\t\t<\/div>\n\t\t\t\t\t\t\t\t\n<style>\n#image_2064847994 {\n  width: 100%;\n}\n<\/style>\n\t<\/div>\n\t\n\t\t<\/div>\n\t\t\t\t\t<\/div>\n\n\t\n\n\t<div id=\"col-2125967940\" class=\"col medium-6 small-12 large-6\"  >\n\t\t\t\t<div class=\"col-inner text-left\"  >\n\t\t\t\n\t\t\t\n<h3>B\u00fcy\u00fcme ve D\u00f6n\u00fc\u015f\u00fcm Yolculu\u011fumuz<\/h3>\n<p>2007 y\u0131l\u0131nda 1,5 milyon m\u00b2\/y\u0131l kapasiteyle porselen yer karosu \u00fcretimiyle ba\u015flayan ser\u00fcvenimiz, 2012&#8217;de duvar karosu, bord\u00fcr ve dekor fabrikalar\u0131m\u0131z\u0131n da kat\u0131lmas\u0131yla 3 milyon m\u00b2\/y\u0131la ula\u015ft\u0131.<\/p>\n<p>B\u00fcy\u00fcmemize h\u0131z kesmeden devam ederek, 2018-2022 y\u0131llar\u0131 aras\u0131nda ger\u00e7ekle\u015ftirdi\u011fimiz son teknoloji yat\u0131r\u0131mlar\u0131m\u0131zla b\u00fcy\u00fck bir at\u0131l\u0131m yapt\u0131k. Bug\u00fcn 15 milyon m\u00b2\/y\u0131l \u00fcretim kapasitesine sahip, 85.000 m\u00b2\u2019si kapal\u0131 olmak \u00fczere toplam 265.000 m\u00b2 \u00fczerine kurulu modern bir \u00fcretim tesisi haline geldik.<\/p>\n\t\t<\/div>\n\t\t\t\t\t<\/div>\n\n\t\n<\/div>\n\t\t<\/div>\n\n\t\t\n<style>\n#section_1669112330 {\n  padding-top: 60px;\n  padding-bottom: 60px;\n  background-color: rgb(193, 193, 193);\n}\n#section_1669112330 .section-bg-overlay {\n  background-color: rgba(255, 255, 255, 0.85);\n}\n<\/style>\n\t<\/section>\n\t\n\n\t<section class=\"section\" id=\"section_94831298\">\n\t\t<div class=\"section-bg fill\" >\n\t\t\t\t\t\t\t\t\t\n\t\t\t\n\n\t\t<\/div>\n\n\t\t\n\n\t\t<div class=\"section-content relative\">\n\t\t\t\n<div class=\"row row-large align-middle\"  id=\"row-913514564\">\n\n\t<div id=\"col-125605464\" class=\"col medium-6 small-12 large-6\"  >\n\t\t\t\t<div class=\"col-inner text-left\"  >\n\t\t\t\n\t\t\t\n<h3>Kalite ve Teknoloji: Fark Yaratan G\u00fcc\u00fcm\u00fcz<\/h3>\n<p>M\u00fc\u015fteri zevklerine uygun \u00fcretti\u011fimiz zengin desen ve renk koleksiyonumuzda, dijital bask\u0131 teknolojimiz sayesinde, do\u011fan\u0131n e\u015fsiz g\u00fczelli\u011fini ve dokusunu \u00fcr\u00fcnlerimize en ger\u00e7ek\u00e7i haliyle yans\u0131t\u0131yoruz.<\/p>\n<p>Kalitemizin s\u0131rr\u0131; \u00f6zenle se\u00e7ilen ham maddeler, ileri teknoloji makineler ve deneyimli i\u015f g\u00fcc\u00fcm\u00fcz\u00fcn tutkusunda sakl\u0131.<\/p>\n\t\t<\/div>\n\t\t\t\t\t<\/div>\n\n\t\n\n\t<div id=\"col-1647140706\" class=\"col medium-6 small-12 large-6\"  >\n\t\t\t\t<div class=\"col-inner\"  >\n\t\t\t\n\t\t\t\n\t<div class=\"img has-hover x md-x lg-x y md-y lg-y\" id=\"image_138533858\">\n\t\t\t\t\t\t\t\t<div class=\"img-inner dark\" >\n\t\t\t<img loading=\"lazy\" decoding=\"async\" width=\"1020\" height=\"572\" src=\"https:\/\/etiliseramik.com\/media\/fabrika_text_banner_2.jpg\" class=\"attachment-large size-large\" alt=\"\" srcset=\"https:\/\/etiliseramik.com\/media\/fabrika_text_banner_2.jpg 1034w, https:\/\/etiliseramik.com\/media\/fabrika_text_banner_2-713x400.jpg 713w, https:\/\/etiliseramik.com\/media\/fabrika_text_banner_2-768x431.jpg 768w, https:\/\/etiliseramik.com\/media\/fabrika_text_banner_2-18x10.jpg 18w, https:\/\/etiliseramik.com\/media\/fabrika_text_banner_2-247x139.jpg 247w, https:\/\/etiliseramik.com\/media\/fabrika_text_banner_2-510x286.jpg 510w\" sizes=\"auto, (max-width: 1020px) 100vw, 1020px\" \/>\t\t\t\t\t\t\n\t\t\t\t\t<\/div>\n\t\t\t\t\t\t\t\t\n<style>\n#image_138533858 {\n  width: 100%;\n}\n<\/style>\n\t<\/div>\n\t\n\t\t<\/div>\n\t\t\t\t\t<\/div>\n\n\t\n<\/div>\n\t\t<\/div>\n\n\t\t\n<style>\n#section_94831298 {\n  padding-top: 60px;\n  padding-bottom: 60px;\n}\n<\/style>\n\t<\/section>\n\t\n\n  <div class=\"banner has-hover has-parallax\" id=\"banner-274403140\">\n          <div class=\"banner-inner fill\">\n        <div class=\"banner-bg fill\" data-parallax=\"-3\" data-parallax-container=\".banner\" data-parallax-background>\n            <img loading=\"lazy\" decoding=\"async\" width=\"2560\" height=\"1824\" src=\"https:\/\/etiliseramik.com\/media\/fabrika_parallax_banner_1-scaled.jpg\" class=\"bg attachment-original size-original\" alt=\"\" \/>                        <div class=\"overlay\"><\/div>            \n                    <\/div>\n\t\t\n        <div class=\"banner-layers container\">\n            <div class=\"fill banner-link\"><\/div>            \n   <div id=\"text-box-902717423\" class=\"text-box banner-layer x50 md-x5 lg-x5 y50 md-y50 lg-y50 res-text\">\n                     <div data-animate=\"bounceInUp\">           <div class=\"text-box-content text dark\">\n              \n              <div class=\"text-inner text-left\">\n                  \n\t<div id=\"text-2399517238\" class=\"text\">\n\t\t\n<h4>Do\u011faya Sayg\u0131l\u0131 \u00dcretim<\/h5>\n<p>\u00dcretimin her a\u015famas\u0131nda kalite kadar \u00e7evreye duyarl\u0131l\u0131k da DNA&#8217;m\u0131z\u0131n bir par\u00e7as\u0131.<\/p>\n<p>\u00dcretimde kullan\u0131lan suyun <b><u>tamam\u0131n\u0131<\/u><\/b> geri d\u00f6n\u00fc\u015ft\u00fcr\u00fcyor, \u00e7evreye at\u0131k su aktar\u0131m\u0131n\u0131 \u00f6nl\u00fcyoruz.<\/br><br \/>\nEvsel at\u0131k sular\u0131m\u0131z\u0131 ar\u0131tma tesisimizde i\u015fleyerek do\u011faya geri kazand\u0131r\u0131yoruz.<\/br><br \/>\nKarbon emisyonumuzu azaltmak i\u00e7in s\u0131cak baca gazlar\u0131n\u0131n enerjisini geri kazan\u0131yoruz.<\/br><br \/>\nSat\u0131lamaz nitelikteki \u00fcr\u00fcnleri ve ambalaj malzemelerini geri d\u00f6n\u00fc\u015ft\u00fcrerek s\u00fcrd\u00fcr\u00fclebilirli\u011fe katk\u0131 sa\u011fl\u0131yoruz.<\/br><br \/>\nToz tutma filtreleri ile hem ekibimiz hem de \u00e7evremiz i\u00e7in temiz ve sa\u011fl\u0131kl\u0131 bir \u00e7al\u0131\u015fma ortam\u0131 sunuyoruz.<\/br>\n<\/p>\n\t\t\n<style>\n#text-2399517238 {\n  text-align: center;\n}\n<\/style>\n\t<\/div>\n\t\n              <\/div>\n           <\/div>\n       <\/div>                     \n<style>\n#text-box-902717423 {\n  width: 80%;\n}\n#text-box-902717423 .text-box-content {\n  font-size: 100%;\n}\n@media (min-width:550px) {\n  #text-box-902717423 {\n    width: 82%;\n  }\n}\n<\/style>\n    <\/div>\n \n        <\/div>\n      <\/div>\n\n            \n<style>\n#banner-274403140 {\n  padding-top: 540px;\n}\n#banner-274403140 .overlay {\n  background-color: rgba(0, 0, 0, 0.3);\n}\n#banner-274403140 .banner-bg img {\n  object-position: 50% 23%;\n}\n@media (min-width:550px) {\n  #banner-274403140 .overlay {\n    background-color: rgba(0,0,0,.5);\n  }\n}\n<\/style>\n  <\/div>\n\n\n\n\t<section class=\"section\" id=\"section_2137428004\">\n\t\t<div class=\"section-bg fill\" >\n\t\t\t\t\t\t\t\t\t<div class=\"section-bg-overlay absolute fill\"><\/div>\n\t\t\t\n\n\t\t<\/div>\n\n\t\t\n\n\t\t<div class=\"section-content relative\">\n\t\t\t\n<div class=\"row row-large align-middle\"  id=\"row-1505164904\">\n\n\t<div id=\"col-452604835\" class=\"col medium-6 small-12 large-6\"  >\n\t\t\t\t<div class=\"col-inner text-left\"  >\n\t\t\t\n\t\t\t\n<h3>Yerelden Globale Uzanan Ba\u015far\u0131<br \/>\n<\/h3>\n<p>\u015eirketimiz, b\u00f6lgesine sa\u011flad\u0131\u011f\u0131 do\u011frudan ve dolayl\u0131 ekonomik katk\u0131lar\u0131n yan\u0131 s\u0131ra, sosyal sorumluluk projelerine verdi\u011fi destekle kurumsal vatanda\u015fl\u0131k anlay\u0131\u015f\u0131n\u0131 i\u015f yap\u0131\u015f bi\u00e7iminin ayr\u0131lmaz bir par\u00e7as\u0131 haline getirmi\u015ftir.<\/p>\n<p>Bug\u00fcn itibariyle Etili Seramik, \u00fcretiminin \u00f6nemli bir b\u00f6l\u00fcm\u00fcn\u00fc ba\u015fta Avrupa \u00fclkeleri, BAE (Birle\u015fik Arap Emirlikleri) ve ABD olmak \u00fczere 35\u2019ten fazla \u00fclkeye ihra\u00e7 etmekte; yurt i\u00e7inde ise g\u00fc\u00e7l\u00fc bayi a\u011f\u0131 ve da\u011f\u0131t\u0131m kanallar\u0131yla geni\u015f bir co\u011frafyada faaliyet g\u00f6stermektedir. Global pazardaki konumumuzu her g\u00fcn daha da g\u00fc\u00e7lendiriyoruz.<\/p>\n\t\t<\/div>\n\t\t\t\t\t<\/div>\n\n\t\n\n\t<div id=\"col-1524348285\" class=\"col medium-6 small-12 large-6\"  >\n\t\t\t\t<div class=\"col-inner\"  >\n\t\t\t\n\t\t\t\n\t<div class=\"img has-hover x md-x lg-x y md-y lg-y\" id=\"image_1857264991\">\n\t\t\t\t\t\t\t\t<div class=\"img-inner dark\" >\n\t\t\t<img loading=\"lazy\" decoding=\"async\" width=\"1020\" height=\"572\" src=\"https:\/\/etiliseramik.com\/media\/fabrika_text_banner_4.jpg\" class=\"attachment-large size-large\" alt=\"\" srcset=\"https:\/\/etiliseramik.com\/media\/fabrika_text_banner_4.jpg 1034w, https:\/\/etiliseramik.com\/media\/fabrika_text_banner_4-713x400.jpg 713w, https:\/\/etiliseramik.com\/media\/fabrika_text_banner_4-768x431.jpg 768w, https:\/\/etiliseramik.com\/media\/fabrika_text_banner_4-18x10.jpg 18w, https:\/\/etiliseramik.com\/media\/fabrika_text_banner_4-247x139.jpg 247w, https:\/\/etiliseramik.com\/media\/fabrika_text_banner_4-510x286.jpg 510w\" sizes=\"auto, (max-width: 1020px) 100vw, 1020px\" \/>\t\t\t\t\t\t\n\t\t\t\t\t<\/div>\n\t\t\t\t\t\t\t\t\n<style>\n#image_1857264991 {\n  width: 100%;\n}\n<\/style>\n\t<\/div>\n\t\n\t\t<\/div>\n\t\t\t\t\t<\/div>\n\n\t\n<\/div>\n\t\t<\/div>\n\n\t\t\n<style>\n#section_2137428004 {\n  padding-top: 60px;\n  padding-bottom: 60px;\n}\n#section_2137428004 .section-bg-overlay {\n  background-color: rgba(255, 255, 255, 0.85);\n}\n<\/style>\n\t<\/section>\n\t\n\n\t<section class=\"section\" id=\"section_902977413\">\n\t\t<div class=\"section-bg fill\" >\n\t\t\t\t\t\t\t\t\t\n\t\t\t\n\n\t\t<\/div>\n\n\t\t\n\n\t\t<div class=\"section-content relative\">\n\t\t\t\n<div class=\"row row-large align-middle\"  id=\"row-1378372646\">\n\n\t<div id=\"col-1137250566\" class=\"col medium-6 small-12 large-6\"  >\n\t\t\t\t<div class=\"col-inner\"  >\n\t\t\t\n\t\t\t\n\t<div class=\"img has-hover x md-x lg-x y md-y lg-y\" id=\"image_1204001245\">\n\t\t\t\t\t\t\t\t<div class=\"img-inner dark\" >\n\t\t\t<img loading=\"lazy\" decoding=\"async\" width=\"1020\" height=\"572\" src=\"https:\/\/etiliseramik.com\/media\/fabrika_text_banner_3.jpg\" class=\"attachment-large size-large\" alt=\"\" srcset=\"https:\/\/etiliseramik.com\/media\/fabrika_text_banner_3.jpg 1034w, https:\/\/etiliseramik.com\/media\/fabrika_text_banner_3-713x400.jpg 713w, https:\/\/etiliseramik.com\/media\/fabrika_text_banner_3-768x431.jpg 768w, https:\/\/etiliseramik.com\/media\/fabrika_text_banner_3-18x10.jpg 18w, https:\/\/etiliseramik.com\/media\/fabrika_text_banner_3-247x139.jpg 247w, https:\/\/etiliseramik.com\/media\/fabrika_text_banner_3-510x286.jpg 510w\" sizes=\"auto, (max-width: 1020px) 100vw, 1020px\" \/>\t\t\t\t\t\t\n\t\t\t\t\t<\/div>\n\t\t\t\t\t\t\t\t\n<style>\n#image_1204001245 {\n  width: 100%;\n}\n<\/style>\n\t<\/div>\n\t\n\t\t<\/div>\n\t\t\t\t\t<\/div>\n\n\t\n\n\t<div id=\"col-806631678\" class=\"col medium-6 small-12 large-6\"  >\n\t\t\t\t<div class=\"col-inner text-left\"  >\n\t\t\t\n\t\t\t\n<h3 class=\"uppercase\">Gelece\u011fe Yat\u0131r\u0131m<br \/>\n<\/h3>\n<p>K\u00fcresel rekabete uyum sa\u011flamak i\u00e7in teknolojimizi s\u00fcrekli yeniliyor, ekibimizi d\u00fczenli e\u011fitim programlar\u0131yla gelece\u011fe haz\u0131rl\u0131yoruz. Etili Seramik olarak, kuruldu\u011fumuz b\u00f6lgeye ekonomik katk\u0131 sa\u011flaman\u0131n ve sosyal sorumluluk projelerini desteklemenin gururunu ya\u015f\u0131yoruz.<br \/>\nToplam kalite anlay\u0131\u015f\u0131m\u0131zla, hem yerelde hem de k\u00fcresel \u00f6l\u00e7ekte sekt\u00f6rdeki ad\u0131m\u0131z\u0131 g\u00fc\u00e7lendirmeye devam edece\u011fiz.<\/p>\n\t\t<\/div>\n\t\t\t\t\t<\/div>\n\n\t\n<\/div>\n\t\t<\/div>\n\n\t\t\n<style>\n#section_902977413 {\n  padding-top: 60px;\n  padding-bottom: 60px;\n}\n<\/style>\n\t<\/section>\n\t\n\n\t<section class=\"section\" id=\"section_565238941\">\n\t\t<div class=\"section-bg fill\" >\n\t\t\t<img loading=\"lazy\" decoding=\"async\" width=\"2196\" height=\"1006\" src=\"https:\/\/etiliseramik.com\/media\/fabrika_banner_last.jpg\" class=\"bg attachment- size-\" alt=\"\" \/>\t\t\t\t\t\t<div class=\"section-bg-overlay absolute fill\"><\/div>\n\t\t\t\n\n\t\t<\/div>\n\n\t\t\n\n\t\t<div class=\"section-content relative\">\n\t\t\t\n<div class=\"row\"  id=\"row-1809231163\">\n\n\t<div id=\"col-1053551562\" class=\"col medium-6 small-12 large-6\"  >\n\t\t\t\t<div class=\"col-inner\"  >\n\t\t\t\n\t\t\t\n<h3>Vizyonumuz<\/h3>\n<p>\u00dcr\u00fcn ve hizmet kalitesini s\u00fcrekli geli\u015ftirerek d\u00fcnya pazar\u0131na yenilik\u00e7i, s\u00fcrd\u00fcr\u00fclebilir ve y\u00fcksek katma de\u011ferli seramik \u00e7\u00f6z\u00fcmleri sunmak; rekabet ve verimlilik k\u00fclt\u00fcr\u00fcyle uluslararas\u0131 arenada referans g\u00f6sterilen, g\u00fcvenilir ve tercih edilen bir marka konumunu g\u00fc\u00e7lendirmek.<\/p>\n\t\t<\/div>\n\t\t\t\t\t<\/div>\n\n\t\n\n\t<div id=\"col-308834813\" class=\"col medium-6 small-12 large-6\"  >\n\t\t\t\t<div class=\"col-inner\"  >\n\t\t\t\n\t\t\t\n<h3>Misyonumuz<\/h3>\n<p>\u00dcretimin her a\u015famas\u0131nda kaliteyi, \u00e7evreye sayg\u0131y\u0131 ve kaynaklar\u0131n verimli kullan\u0131m\u0131n\u0131 \u00f6nceliklendiren; m\u00fc\u015fterilerine geni\u015f \u00fcr\u00fcn yelpazesi, g\u00fc\u00e7l\u00fc lojistik altyap\u0131s\u0131, h\u0131zl\u0131 ve \u015feffaf hizmet anlay\u0131\u015f\u0131 ile de\u011fer sa\u011flayan; bayileri, i\u015f ortaklar\u0131 ve \u00e7al\u0131\u015fanlar\u0131yla birlikte s\u00fcrd\u00fcr\u00fclebilir b\u00fcy\u00fcmeyi hedefleyen bir seramik \u00fcreticisi ve \u00e7\u00f6z\u00fcm orta\u011f\u0131 olmak.<\/p>\n\t\t<\/div>\n\t\t\t\t\t<\/div>\n\n\t\n<\/div>\n\t\t<\/div>\n\n\t\t\n<style>\n#section_565238941 {\n  padding-top: 0px;\n  padding-bottom: 0px;\n  min-height: 600px;\n  background-color: rgb(245, 245, 245);\n}\n#section_565238941 .section-bg-overlay {\n  background-color: rgba(255, 255, 255, 0.674);\n}\n#section_565238941 .section-bg img {\n  object-position: 47% 53%;\n}\n<\/style>\n\t<\/section>\n\t\n\t<div id=\"gap-606241746\" class=\"gap-element clearfix\" style=\"display:block; height:auto;\">\n\t\t\n<style>\n#gap-606241746 {\n  padding-top: 50px;\n}\n<\/style>\n\t<\/div>","protected":false},"excerpt":{"rendered":"","protected":false},"author":1,"featured_media":18,"parent":0,"menu_order":10,"comment_status":"closed","ping_status":"closed","template":"page-transparent-header-light.php","meta":{"footnotes":""},"class_list":["post-92","page","type-page","status-publish","has-post-thumbnail","hentry"],"_links":{"self":[{"href":"https:\/\/etiliseramik.com\/en\/wp-json\/wp\/v2\/pages\/92","targetHints":{"allow":["GET"]}}],"collection":[{"href":"https:\/\/etiliseramik.com\/en\/wp-json\/wp\/v2\/pages"}],"about":[{"href":"https:\/\/etiliseramik.com\/en\/wp-json\/wp\/v2\/types\/page"}],"author":[{"embeddable":true,"href":"https:\/\/etiliseramik.com\/en\/wp-json\/wp\/v2\/users\/1"}],"replies":[{"embeddable":true,"href":"https:\/\/etiliseramik.com\/en\/wp-json\/wp\/v2\/comments?post=92"}],"version-history":[{"count":29,"href":"https:\/\/etiliseramik.com\/en\/wp-json\/wp\/v2\/pages\/92\/revisions"}],"predecessor-version":[{"id":9254,"href":"https:\/\/etiliseramik.com\/en\/wp-json\/wp\/v2\/pages\/92\/revisions\/9254"}],"wp:featuredmedia":[{"embeddable":true,"href":"https:\/\/etiliseramik.com\/en\/wp-json\/wp\/v2\/media\/18"}],"wp:attachment":[{"href":"https:\/\/etiliseramik.com\/en\/wp-json\/wp\/v2\/media?parent=92"}],"curies":[{"name":"wp","href":"https:\/\/api.w.org\/{rel}","templated":true}]}}