{"id":9153,"date":"2026-01-05T12:08:10","date_gmt":"2026-01-05T09:08:10","guid":{"rendered":"https:\/\/etiliseramik.com\/?page_id=9153"},"modified":"2026-01-27T10:53:29","modified_gmt":"2026-01-27T07:53:29","slug":"kataloglar","status":"publish","type":"page","link":"https:\/\/etiliseramik.com\/en\/kataloglar\/","title":{"rendered":"Catalogs"},"content":{"rendered":"<div id=\"gap-908432288\" class=\"gap-element clearfix\" style=\"display:block; height:auto;\">\n\t\t\n<style>\n#gap-908432288 {\n  padding-top: 50px;\n}\n<\/style>\n\t<\/div>\n\t\n<div class=\"row\"  id=\"row-1476327695\">\n\n\t<div id=\"col-1371430170\" class=\"col medium-4 small-12 large-4\"  >\n\t\t\t\t<div class=\"col-inner\"  >\n\t\t\t\n\t\t\t\n\t<div class=\"box has-hover   has-hover box-text-bottom\" >\n\n\t\t<div class=\"box-image\" >\n\t\t\t<a href=\"https:\/\/etiliseramik.com\/media\/ES_KatalogWeb.pdf\" target=\"_blank\" rel=\"noopener\" >\t\t\t<div class=\"\" >\n\t\t\t\t<img loading=\"lazy\" decoding=\"async\" width=\"720\" height=\"1000\" src=\"https:\/\/etiliseramik.com\/media\/genel_katalog_2025.jpg\" class=\"attachment- size-\" alt=\"\" srcset=\"https:\/\/etiliseramik.com\/media\/genel_katalog_2025.jpg 720w, https:\/\/etiliseramik.com\/media\/genel_katalog_2025-288x400.jpg 288w, https:\/\/etiliseramik.com\/media\/genel_katalog_2025-576x800.jpg 576w, https:\/\/etiliseramik.com\/media\/genel_katalog_2025-247x343.jpg 247w, https:\/\/etiliseramik.com\/media\/genel_katalog_2025-510x708.jpg 510w\" sizes=\"auto, (max-width: 720px) 100vw, 720px\" \/>\t\t\t\t\t\t\t\t\t\t\t<\/div>\n\t\t\t<\/a>\t\t<\/div>\n\n\t\t<div class=\"box-text text-center\" >\n\t\t\t<div class=\"box-text-inner\">\n\t\t\t\t\n<h4><a href=\"https:\/\/etiliseramik.com\/en\/etili_seramik_genel_katalog_2026_lq.pdf\/\" target=\"_blank\" rel=\"noopener\">Genel Katalog<br \/>2026<\/a><\/h4>\n\t\t\t<\/div>\n\t\t<\/div>\n\t<\/div>\n\t\n\t\t<\/div>\n\t\t\t\t\t<\/div>\n\n\t\n\n\t<div id=\"col-118486300\" class=\"col medium-4 small-12 large-4\"  >\n\t\t\t\t<div class=\"col-inner\"  >\n\t\t\t\n\t\t\t\n\t<div class=\"box has-hover   has-hover box-text-bottom\" >\n\n\t\t<div class=\"box-image\" >\n\t\t\t<a href=\"https:\/\/etiliseramik.com\/media\/etili_genel_katalog_2022.pdf\" target=\"_blank\" rel=\"noopener\" >\t\t\t<div class=\"\" >\n\t\t\t\t<img loading=\"lazy\" decoding=\"async\" width=\"720\" height=\"1000\" src=\"https:\/\/etiliseramik.com\/media\/genel_katalog_2022-1.jpg\" class=\"attachment- size-\" alt=\"\" srcset=\"https:\/\/etiliseramik.com\/media\/genel_katalog_2022-1.jpg 720w, https:\/\/etiliseramik.com\/media\/genel_katalog_2022-1-288x400.jpg 288w, https:\/\/etiliseramik.com\/media\/genel_katalog_2022-1-576x800.jpg 576w, https:\/\/etiliseramik.com\/media\/genel_katalog_2022-1-247x343.jpg 247w, https:\/\/etiliseramik.com\/media\/genel_katalog_2022-1-510x708.jpg 510w\" sizes=\"auto, (max-width: 720px) 100vw, 720px\" \/>\t\t\t\t\t\t\t\t\t\t\t<\/div>\n\t\t\t<\/a>\t\t<\/div>\n\n\t\t<div class=\"box-text text-center\" >\n\t\t\t<div class=\"box-text-inner\">\n\t\t\t\t\n<h4><a href=\"https:\/\/etiliseramik.com\/media\/2022_k_etili_genel_katalog.pdf\" target=\"_blank\" rel=\"noopener\">Genel Katalog<br \/>2022<\/a><\/h4>\n\t\t\t<\/div>\n\t\t<\/div>\n\t<\/div>\n\t\n\t\t<\/div>\n\t\t\t\t\t<\/div>\n\n\t\n<\/div>\n\n\t<section class=\"section\" id=\"section_417861679\">\n\t\t<div class=\"section-bg fill\" >\n\t\t\t\t\t\t\t\t\t<div class=\"section-bg-overlay absolute fill\"><\/div>\n\t\t\t\n\n\t\t<\/div>\n\n\t\t\n\n\t\t<div class=\"section-content relative\">\n\t\t\t\n<div class=\"row row-large align-middle\"  id=\"row-643106993\">\n\n\t<div id=\"col-122927602\" class=\"col medium-6 small-12 large-6\"  >\n\t\t\t\t<div class=\"col-inner\"  >\n\t\t\t\n\t\t\t\n\t<div class=\"img has-hover x md-x lg-x y md-y lg-y\" id=\"image_1039097527\">\n\t\t\t\t\t\t\t\t<div class=\"img-inner dark\" >\n\t\t\t<img loading=\"lazy\" decoding=\"async\" width=\"1020\" height=\"572\" src=\"https:\/\/etiliseramik.com\/media\/fabrika_text_banner_1.jpg\" class=\"attachment-large size-large\" alt=\"\" srcset=\"https:\/\/etiliseramik.com\/media\/fabrika_text_banner_1.jpg 1034w, https:\/\/etiliseramik.com\/media\/fabrika_text_banner_1-713x400.jpg 713w, https:\/\/etiliseramik.com\/media\/fabrika_text_banner_1-768x431.jpg 768w, https:\/\/etiliseramik.com\/media\/fabrika_text_banner_1-18x10.jpg 18w, https:\/\/etiliseramik.com\/media\/fabrika_text_banner_1-247x139.jpg 247w, https:\/\/etiliseramik.com\/media\/fabrika_text_banner_1-510x286.jpg 510w\" sizes=\"auto, (max-width: 1020px) 100vw, 1020px\" \/>\t\t\t\t\t\t\n\t\t\t\t\t<\/div>\n\t\t\t\t\t\t\t\t\n<style>\n#image_1039097527 {\n  width: 100%;\n}\n<\/style>\n\t<\/div>\n\t\n\t\t<\/div>\n\t\t\t\t\t<\/div>\n\n\t\n\n\t<div id=\"col-1266279615\" class=\"col medium-6 small-12 large-6\"  >\n\t\t\t\t<div class=\"col-inner text-left\"  >\n\t\t\t\n\t\t\t\n<h3>B\u00fcy\u00fcme ve D\u00f6n\u00fc\u015f\u00fcm Yolculu\u011fumuz<\/h3>\n<p>2007 y\u0131l\u0131nda 1,5 milyon m\u00b2\/y\u0131l kapasiteyle porselen yer karosu \u00fcretimiyle ba\u015flayan ser\u00fcvenimiz, 2012&#8217;de duvar karosu, bord\u00fcr ve dekor fabrikalar\u0131m\u0131z\u0131n da kat\u0131lmas\u0131yla 3 milyon m\u00b2\/y\u0131la ula\u015ft\u0131.<\/p>\n<p>B\u00fcy\u00fcmemize h\u0131z kesmeden devam ederek, 2018-2022 y\u0131llar\u0131 aras\u0131nda ger\u00e7ekle\u015ftirdi\u011fimiz son teknoloji yat\u0131r\u0131mlar\u0131m\u0131zla b\u00fcy\u00fck bir at\u0131l\u0131m yapt\u0131k. Bug\u00fcn 15 milyon m\u00b2\/y\u0131l \u00fcretim kapasitesine sahip, 85.000 m\u00b2\u2019si kapal\u0131 olmak \u00fczere toplam 265.000 m\u00b2 \u00fczerine kurulu modern bir \u00fcretim tesisi haline geldik.<\/p>\n\t\t<\/div>\n\t\t\t\t\t<\/div>\n\n\t\n<\/div>\n\t\t<\/div>\n\n\t\t\n<style>\n#section_417861679 {\n  padding-top: 60px;\n  padding-bottom: 60px;\n  background-color: rgb(193, 193, 193);\n}\n#section_417861679 .section-bg-overlay {\n  background-color: rgba(255, 255, 255, 0.85);\n}\n<\/style>\n\t<\/section>\n\t\n\n\t<section class=\"section\" id=\"section_453680857\">\n\t\t<div class=\"section-bg fill\" >\n\t\t\t\t\t\t\t\t\t\n\t\t\t\n\n\t\t<\/div>\n\n\t\t\n\n\t\t<div class=\"section-content relative\">\n\t\t\t\n<div class=\"row row-large align-middle\"  id=\"row-519179046\">\n\n\t<div id=\"col-871230195\" class=\"col medium-6 small-12 large-6\"  >\n\t\t\t\t<div class=\"col-inner text-left\"  >\n\t\t\t\n\t\t\t\n<h3>Kalite ve Teknoloji: Fark Yaratan G\u00fcc\u00fcm\u00fcz<\/h3>\n<p>M\u00fc\u015fteri zevklerine uygun \u00fcretti\u011fimiz zengin desen ve renk koleksiyonumuzda, dijital bask\u0131 teknolojimiz sayesinde, do\u011fan\u0131n e\u015fsiz g\u00fczelli\u011fini ve dokusunu \u00fcr\u00fcnlerimize en ger\u00e7ek\u00e7i haliyle yans\u0131t\u0131yoruz.<\/p>\n<p>Kalitemizin s\u0131rr\u0131; \u00f6zenle se\u00e7ilen ham maddeler, ileri teknoloji makineler ve deneyimli i\u015f g\u00fcc\u00fcm\u00fcz\u00fcn tutkusunda sakl\u0131.<\/p>\n\t\t<\/div>\n\t\t\t\t\t<\/div>\n\n\t\n\n\t<div id=\"col-928330256\" class=\"col medium-6 small-12 large-6\"  >\n\t\t\t\t<div class=\"col-inner\"  >\n\t\t\t\n\t\t\t\n\t<div class=\"img has-hover x md-x lg-x y md-y lg-y\" id=\"image_236011148\">\n\t\t\t\t\t\t\t\t<div class=\"img-inner dark\" >\n\t\t\t<img loading=\"lazy\" decoding=\"async\" width=\"1020\" height=\"572\" src=\"https:\/\/etiliseramik.com\/media\/fabrika_text_banner_2.jpg\" class=\"attachment-large size-large\" alt=\"\" srcset=\"https:\/\/etiliseramik.com\/media\/fabrika_text_banner_2.jpg 1034w, https:\/\/etiliseramik.com\/media\/fabrika_text_banner_2-713x400.jpg 713w, https:\/\/etiliseramik.com\/media\/fabrika_text_banner_2-768x431.jpg 768w, https:\/\/etiliseramik.com\/media\/fabrika_text_banner_2-18x10.jpg 18w, https:\/\/etiliseramik.com\/media\/fabrika_text_banner_2-247x139.jpg 247w, https:\/\/etiliseramik.com\/media\/fabrika_text_banner_2-510x286.jpg 510w\" sizes=\"auto, (max-width: 1020px) 100vw, 1020px\" \/>\t\t\t\t\t\t\n\t\t\t\t\t<\/div>\n\t\t\t\t\t\t\t\t\n<style>\n#image_236011148 {\n  width: 100%;\n}\n<\/style>\n\t<\/div>\n\t\n\t\t<\/div>\n\t\t\t\t\t<\/div>\n\n\t\n<\/div>\n\t\t<\/div>\n\n\t\t\n<style>\n#section_453680857 {\n  padding-top: 60px;\n  padding-bottom: 60px;\n}\n<\/style>\n\t<\/section>\n\t\n\t<div id=\"gap-1727411981\" class=\"gap-element clearfix\" style=\"display:block; height:auto;\">\n\t\t\n<style>\n#gap-1727411981 {\n  padding-top: 50px;\n}\n<\/style>\n\t<\/div>","protected":false},"excerpt":{"rendered":"","protected":false},"author":1,"featured_media":0,"parent":0,"menu_order":0,"comment_status":"closed","ping_status":"closed","template":"page-blank.php","meta":{"footnotes":""},"class_list":["post-9153","page","type-page","status-publish","hentry"],"_links":{"self":[{"href":"https:\/\/etiliseramik.com\/en\/wp-json\/wp\/v2\/pages\/9153","targetHints":{"allow":["GET"]}}],"collection":[{"href":"https:\/\/etiliseramik.com\/en\/wp-json\/wp\/v2\/pages"}],"about":[{"href":"https:\/\/etiliseramik.com\/en\/wp-json\/wp\/v2\/types\/page"}],"author":[{"embeddable":true,"href":"https:\/\/etiliseramik.com\/en\/wp-json\/wp\/v2\/users\/1"}],"replies":[{"embeddable":true,"href":"https:\/\/etiliseramik.com\/en\/wp-json\/wp\/v2\/comments?post=9153"}],"version-history":[{"count":19,"href":"https:\/\/etiliseramik.com\/en\/wp-json\/wp\/v2\/pages\/9153\/revisions"}],"predecessor-version":[{"id":9251,"href":"https:\/\/etiliseramik.com\/en\/wp-json\/wp\/v2\/pages\/9153\/revisions\/9251"}],"wp:attachment":[{"href":"https:\/\/etiliseramik.com\/en\/wp-json\/wp\/v2\/media?parent=9153"}],"curies":[{"name":"wp","href":"https:\/\/api.w.org\/{rel}","templated":true}]}}