{"id":90,"date":"2025-09-09T19:22:53","date_gmt":"2025-09-09T16:22:53","guid":{"rendered":"http:\/\/localhost:8888\/test\/?page_id=532"},"modified":"2026-01-21T12:30:13","modified_gmt":"2026-01-21T09:30:13","slug":"contact","status":"publish","type":"page","link":"https:\/\/etiliseramik.com\/en\/contact\/","title":{"rendered":"Contact"},"content":{"rendered":"            <div class=\"yp-sl\" data-mode=\"simple-multi\" data-force=\"simple-multi\" data-items=\"[{&quot;lat&quot;:39.99230061625837,&quot;lng&quot;:26.907815050274785,&quot;title&quot;:&quot;Etili Seramik Fabrika&quot;,&quot;address&quot;:&quot;Etili Buca\\u011f\\u0131 17400 \\u00c7an \\\/ \\u00c7anakkale&quot;},{&quot;lat&quot;:40.9859401,&quot;lng&quot;:28.7663576,&quot;title&quot;:&quot;\\u0130stanbul Ofis 1&quot;,&quot;address&quot;:&quot;Fatih, Ye\\u015filova Yan Yolu 6\\\/A,34290 K\\u00fc\\u00e7\\u00fck\\u00e7ekmece \\\/ \\u0130stanbul&quot;},{&quot;lat&quot;:41.00752,&quot;lng&quot;:28.704533,&quot;title&quot;:&quot;\\u0130stanbul Ofis 2&quot;,&quot;address&quot;:&quot;Firuzk\\u00f6y Blv. No:168, Avc\\u0131lar \\\/ \\u0130stanbul&quot;}]\">\n                <div class=\"yp-sl__map\" style=\"height:420px; border-radius:12px; overflow:hidden;\"><\/div>\n            <\/div>\n            \n\t<div id=\"gap-437123999\" class=\"gap-element clearfix\" style=\"display:block; height:auto;\">\n\t\t\n<style>\n#gap-437123999 {\n  padding-top: 30px;\n}\n<\/style>\n\t<\/div>\n\t\n<div class=\"row\"  id=\"row-1962725253\">\n\n\t<div id=\"col-1627703886\" class=\"col medium-12 small-12 large-6\"  >\n\t\t\t\t<div class=\"col-inner\"  >\n\t\t\t\n\t\t\t\n<p class=\"lead\"><img loading=\"lazy\" decoding=\"async\" class=\"alignnone  wp-image-371\" src=\"https:\/\/etiliseramik.com\/media\/2025\/09\/etili_seramik_black-800x113.png\" alt=\"\" width=\"311\" height=\"44\" srcset=\"https:\/\/etiliseramik.com\/media\/2025\/09\/etili_seramik_black-800x113.png 800w, https:\/\/etiliseramik.com\/media\/2025\/09\/etili_seramik_black-247x35.png 247w, https:\/\/etiliseramik.com\/media\/2025\/09\/etili_seramik_black-510x72.png 510w, https:\/\/etiliseramik.com\/media\/2025\/09\/etili_seramik_black-768x108.png 768w, https:\/\/etiliseramik.com\/media\/2025\/09\/etili_seramik_black-18x3.png 18w, https:\/\/etiliseramik.com\/media\/2025\/09\/etili_seramik_black.png 1200w\" sizes=\"auto, (max-width: 311px) 100vw, 311px\" \/><\/p>\n<h3>Fabrika<\/h3>\n<p>Etili K\u00f6y\u00fc No:652 17400<br \/>\u00c7an \/ \u00c7anakkale<br \/><a href=\"tel:+902864232030\">+90 286 423 20 30<br \/>info@etiliseramik.com<\/p>\n<div class=\"is-divider divider clearfix\" ><\/div>\n<h3>\u0130stanbul Ofis 1<\/h3>\n<p>Fatih, Ye\u015filova Yan Yolu 6\/A, 34290<br \/>K\u00fc\u00e7\u00fck\u00e7ekmece \/ \u0130stanbul<br \/><a href=\"tel:+902126244400\">+90 (0212) 624 44 00<\/a><br \/>info@etiliseramikpazarlama.com<\/p>\n<div class=\"is-divider divider clearfix\" ><\/div>\n<h3>\u0130stanbul Ofis 2<\/h3>\n<p>Firuzk\u00f6y Blv. No:168, 34325<br \/>Avc\u0131lar \/ \u0130stanbul<br \/><a href=\"tel:+902124230032\">+90 (212) 423 00 32<\/a><br \/>info@etiliseramikpazarlama.com<\/p>\n\t\t<\/div>\n\t\t\t\t\t<\/div>\n\n\t\n\n\t<div id=\"col-1114905181\" class=\"col medium-6 small-12 large-6\"  >\n\t\t\t\t<div class=\"col-inner\"  >\n\t\t\t\n\t\t\t\n<div class=\"container section-title-container\" ><h3 class=\"section-title section-title-normal\"><b aria-hidden=\"true\"><\/b><span class=\"section-title-main\" >\u0130leti\u015fim Formu<\/span><b aria-hidden=\"true\"><\/b><\/h3><\/div>\n\n<div class=\"wpcf7 no-js\" id=\"wpcf7-f9023-o1\" lang=\"tr-TR\" dir=\"ltr\" data-wpcf7-id=\"9023\">\n<div class=\"screen-reader-response\"><p role=\"status\" aria-live=\"polite\" aria-atomic=\"true\"><\/p> <ul><\/ul><\/div>\n<form action=\"\/en\/wp-json\/wp\/v2\/pages\/90#wpcf7-f9023-o1\" method=\"post\" class=\"wpcf7-form init\" aria-label=\"\u0130leti\u015fim Formu\" novalidate=\"novalidate\" data-status=\"init\">\n<fieldset class=\"hidden-fields-container\"><input type=\"hidden\" name=\"_wpcf7\" value=\"9023\" \/><input type=\"hidden\" name=\"_wpcf7_version\" value=\"6.1.5\" \/><input type=\"hidden\" name=\"_wpcf7_locale\" value=\"tr_TR\" \/><input type=\"hidden\" name=\"_wpcf7_unit_tag\" value=\"wpcf7-f9023-o1\" \/><input type=\"hidden\" name=\"_wpcf7_container_post\" value=\"0\" \/><input type=\"hidden\" name=\"_wpcf7_posted_data_hash\" value=\"\" \/>\n<\/fieldset>\n<p><label> Ad\u0131n\u0131z<br \/>\n<span class=\"wpcf7-form-control-wrap\" data-name=\"your-name\"><input size=\"40\" maxlength=\"400\" class=\"wpcf7-form-control wpcf7-text wpcf7-validates-as-required\" autocomplete=\"name\" aria-required=\"true\" aria-invalid=\"false\" value=\"\" type=\"text\" name=\"your-name\" \/><\/span> <\/label>\n<\/p>\n<p><label> E-posta adresiniz<br \/>\n<span class=\"wpcf7-form-control-wrap\" data-name=\"your-email\"><input size=\"40\" maxlength=\"400\" class=\"wpcf7-form-control wpcf7-email wpcf7-validates-as-required wpcf7-text wpcf7-validates-as-email\" autocomplete=\"email\" aria-required=\"true\" aria-invalid=\"false\" value=\"\" type=\"email\" name=\"your-email\" \/><\/span> <\/label>\n<\/p>\n<p><label> Konu<br \/>\n<span class=\"wpcf7-form-control-wrap\" data-name=\"your-subject\"><input size=\"40\" maxlength=\"400\" class=\"wpcf7-form-control wpcf7-text wpcf7-validates-as-required\" aria-required=\"true\" aria-invalid=\"false\" value=\"\" type=\"text\" name=\"your-subject\" \/><\/span> <\/label>\n<\/p>\n<p><label> \u0130letiniz (tercihe ba\u011fl\u0131)<br \/>\n<span class=\"wpcf7-form-control-wrap\" data-name=\"your-message\"><textarea cols=\"40\" rows=\"10\" maxlength=\"2000\" class=\"wpcf7-form-control wpcf7-textarea\" aria-invalid=\"false\" name=\"your-message\"><\/textarea><\/span> <\/label>\n<\/p>\n<p><span class=\"wpcf7-form-control-wrap\" data-name=\"quiz-775\"><label><span class=\"wpcf7-quiz-label\">1 - 1<\/span> <input size=\"40\" class=\"wpcf7-form-control wpcf7-quiz\" autocomplete=\"off\" aria-required=\"true\" aria-invalid=\"false\" type=\"text\" name=\"quiz-775\" \/><\/label><input type=\"hidden\" name=\"_wpcf7_quiz_answer_quiz-775\" value=\"93cf3dfba9f499773aae18ba71cbc0db\" \/><\/span>\n<\/p>\n<p><input class=\"wpcf7-form-control wpcf7-submit has-spinner\" type=\"submit\" value=\"G\u00f6nder\" \/>\n<\/p><input type='hidden' class='wpcf7-pum' value='{\"closepopup\":false,\"closedelay\":0,\"openpopup\":true,\"openpopup_id\":0}' \/><div class=\"wpcf7-response-output\" aria-hidden=\"true\"><\/div>\n<\/form>\n<\/div>\n\n\t\t<\/div>\n\t\t\t\t\t<\/div>\n\n\t\n<\/div>\n<p>\u00a0<\/p>\n","protected":false},"excerpt":{"rendered":"<p>\u00a0<\/p>","protected":false},"author":1,"featured_media":18,"parent":0,"menu_order":50,"comment_status":"closed","ping_status":"closed","template":"page-blank.php","meta":{"footnotes":""},"class_list":["post-90","page","type-page","status-publish","has-post-thumbnail","hentry"],"_links":{"self":[{"href":"https:\/\/etiliseramik.com\/en\/wp-json\/wp\/v2\/pages\/90","targetHints":{"allow":["GET"]}}],"collection":[{"href":"https:\/\/etiliseramik.com\/en\/wp-json\/wp\/v2\/pages"}],"about":[{"href":"https:\/\/etiliseramik.com\/en\/wp-json\/wp\/v2\/types\/page"}],"author":[{"embeddable":true,"href":"https:\/\/etiliseramik.com\/en\/wp-json\/wp\/v2\/users\/1"}],"replies":[{"embeddable":true,"href":"https:\/\/etiliseramik.com\/en\/wp-json\/wp\/v2\/comments?post=90"}],"version-history":[{"count":58,"href":"https:\/\/etiliseramik.com\/en\/wp-json\/wp\/v2\/pages\/90\/revisions"}],"predecessor-version":[{"id":9239,"href":"https:\/\/etiliseramik.com\/en\/wp-json\/wp\/v2\/pages\/90\/revisions\/9239"}],"wp:featuredmedia":[{"embeddable":true,"href":"https:\/\/etiliseramik.com\/en\/wp-json\/wp\/v2\/media\/18"}],"wp:attachment":[{"href":"https:\/\/etiliseramik.com\/en\/wp-json\/wp\/v2\/media?parent=90"}],"curies":[{"name":"wp","href":"https:\/\/api.w.org\/{rel}","templated":true}]}}