{"id":862,"date":"2025-10-03T15:52:52","date_gmt":"2025-10-03T12:52:52","guid":{"rendered":"https:\/\/etiliseramik.com\/?page_id=862"},"modified":"2026-02-12T12:40:16","modified_gmt":"2026-02-12T09:40:16","slug":"kvkk-privacy-notice","status":"publish","type":"page","link":"https:\/\/etiliseramik.com\/en\/kvkk-privacy-notice\/","title":{"rendered":"KVKK Aydinlatma Metni"},"content":{"rendered":"<div id=\"text-3940063163\" class=\"text\">\n\t\t\n<h3><strong>ET\u0130L\u0130 SERAM\u0130K \u0130N\u015e. SAN. VE T\u0130C. A.\u015e.<br \/>\nK\u0130\u015e\u0130SEL VER\u0130LER\u0130N KORUNMASI KANUNU GER\u00c7EK K\u0130\u015e\u0130- TEDAR\u0130K\u00c7\u0130- M\u00dc\u015eTER\u0130-\u0130\u015e ORTA\u011eI-<br \/>\nGER\u00c7EK K\u0130\u015e\u0130 TEMS\u0130LC\u0130S\u0130 AYDINLATMA METN\u0130<br \/>\n<\/strong><\/h3>\n\t\t\n<style>\n#text-3940063163 {\n  text-align: center;\n}\n<\/style>\n\t<\/div>\n\t\n<p>6698 say\u0131l\u0131 Ki\u015fisel Verilerin Korunmas\u0131 Kanunu\u2019nun (\u201cKVKK\u201d) 10\u2019uncu maddesi \u2018Veri Sorumlusunun Ayd\u0131nlatma Y\u00fck\u00fcml\u00fcl\u00fc\u011f\u00fc\u2019 madde ba\u015fl\u0131\u011f\u0131 ile \u2018veri sorumlusu\u2019 olan ET\u0130L\u0130 SERAM\u0130K \u0130N\u015e. SAN. VE T\u0130C. A.\u015e. (\u201cET\u0130L\u0130 SERAM\u0130K\u201d \u201c\u015e\u0130RKET\u201d) ilgili ki\u015fileri (di\u011fer ifadeyle \u2018veri sahiplerini\u2019) veri sorumlusunun kimli\u011fi, ki\u015fisel veri i\u015fleme ama\u00e7lar\u0131, ki\u015fisel verilerin aktar\u0131ld\u0131\u011f\u0131 ki\u015filer ve aktarma ama\u00e7lar\u0131, ki\u015fisel verilerin toplanmas\u0131n\u0131n hukuki sebepleri ve y\u00f6ntemleri, ki\u015fisel veri sahibinin veri sorumlusuna y\u00f6neltece\u011fi KVKK\u2019n\u0131n 11\u2019inci maddesinde say\u0131lan haklar\u0131 konusunda bilgilendirme y\u00fck\u00fcml\u00fcl\u00fc\u011f\u00fc getirmi\u015ftir.<\/p>\n<p>Bu metnin hedef kitlesi, \u015eirketimiz \u00e7al\u0131\u015fanlar\u0131 veya \u015eirketimize i\u015f ba\u015fvurusu yapm\u0131\u015f olan \u00e7al\u0131\u015fan adaylar\u0131 d\u0131\u015f\u0131ndaki, \u015eirketimiz taraf\u0131ndan ki\u015fisel verileri i\u015flenen t\u00fcm ger\u00e7ek ki\u015filerdir.<\/p>\n<p>\u00a0<\/p>\n<p><b>\u0130\u015flenen Ki\u015fisel Veriler:<\/b><\/p>\n<p><b>Kimlik Bilgisi: <\/b>Kimlik (ad soyad, T.C. kimlik no,)<br \/><b>\u0130leti\u015fim Bilgisi: <\/b>\u0130leti\u015fim (adres no, e-posta adresi, ileti\u015fim adresi, kay\u0131tl\u0131 elektronik posta adresi (KEP), telefon no gibi)<br \/><b>Hukuki \u0130\u015flem:<\/b> (Adli makamlarla yaz\u0131\u015fmalardaki bilgiler, dava dosyas\u0131ndaki bilgiler gibi)<br \/><b>M\u00fc\u015fteri \u0130\u015flem:<\/b> (\u00c7a\u011fr\u0131 merkezi kay\u0131tlar\u0131, fatura, senet, \u00e7ek bilgileri, gi\u015fe dekontlar\u0131ndaki bilgiler, sipari\u015f bilgisi, talep bilgisi gibi)<br \/><b>Fiziksel Mek\u00e2n G\u00fcvenlik Bilgisi: <\/b>(Ziyaret\u00e7ilerin giri\u015f \u00e7\u0131k\u0131\u015f kay\u0131t bilgileri, kamera kay\u0131tlar\u0131 gibi)<br \/><b>\u0130\u015flem G\u00fcvenli\u011fi: <\/b>(IP adresi bilgileri, internet sitesi giri\u015f \u00e7\u0131k\u0131\u015f bilgileri gibi)<br \/><b>Risk Y\u00f6netimi:<\/b> (Ticari, teknik, idari risklerin y\u00f6netilmesi i\u00e7in i\u015flenen bilgiler gibi)<br \/><b>Finansal Bilgi:<\/b> (Fatura bilgileri, Banka Bilgileri, Iban No)<br \/><b>Pazarlama: <\/b>Al\u0131\u015fveri\u015f ge\u00e7mi\u015fi bilgileri, vb.<br \/><b>G\u00f6rsel ve \u0130\u015fitsel Kay\u0131tlar: <\/b>(Kamera Kay\u0131tlar\u0131)<\/p>\n<p>\u00a0<\/p>\n<p><b>Veri Konusu Ki\u015fi Grubu:<\/b><\/p>\n<ul>\n<li aria-level=\"1\">Hissedar<\/li>\n<li aria-level=\"1\">Potansiyel \u00dcr\u00fcn veya Hizmet Al\u0131c\u0131s\u0131<\/li>\n<li aria-level=\"1\">Tedarik\u00e7i \u00c7al\u0131\u015fan\u0131<\/li>\n<li aria-level=\"1\">Tedarik\u00e7i Yetkilisi<\/li>\n<li aria-level=\"1\">\u0130\u015f Orta\u011f\u0131<\/li>\n<li aria-level=\"1\">\u00dcr\u00fcn veya Hizmet Alan Ki\u015fi<\/li>\n<\/ul>\n<p>\u00a0<\/p>\n<p><b>Ki\u015fisel Verilerinizin \u0130\u015flenmesi:\u00a0<\/b><\/p>\n<p>07.04.2016 tarihli 29677 say\u0131l\u0131 Resmi Gazete \u2019de yay\u0131mlanan 6698 say\u0131l\u0131 Ki\u015fisel Verilerin Korunmas\u0131 Kanunu (\u201cKanun\u201d olarak an\u0131lacakt\u0131r) kapsam\u0131nda; ki\u015fisel verilerin tamamen veya k\u0131smen otomatik olan yada herhangi bir veri kay\u0131t sisteminin par\u00e7as\u0131 olmak kayd\u0131yla otomatik olmayan yollarla elde edilmesi, kaydedilmesi, depolanmas\u0131, muhafaza edilmesi, de\u011fi\u015ftirilmesi, yeniden d\u00fczenlenmesi, a\u00e7\u0131klanmas\u0131, aktar\u0131lmas\u0131, devral\u0131nmas\u0131, elde edilebilir h\u00e2le getirilmesi, s\u0131n\u0131fland\u0131r\u0131lmas\u0131 ya da kullan\u0131lmas\u0131n\u0131n engellenmesi gibi veriler \u00fczerinde ger\u00e7ekle\u015ftirilen her t\u00fcrl\u00fc i\u015flem \u201cki\u015fisel verilerin i\u015flenmesi\u201d olarak kabul edilmektedir.\u00a0\u015eirketimiz ile gerek Tedarik\u00e7i \u0130li\u015fkisi gerek M\u00fc\u015fteri \u0130leti\u015fimi ve <b>ET\u0130L\u0130 SERAM\u0130K \u0130N\u015e. SAN. VE T\u0130C. A.\u015e. <\/b>\u00dcr\u00fcn finansman\u0131 vb. hizmetler kiraya veren olarak imzalanan S\u00f6zle\u015fmeler kapsam\u0131nda payla\u015fm\u0131\u015f oldu\u011funuz ki\u015fisel verileriniz \u015eirketimiz taraf\u0131ndan Kanun\u2019a uygun \u015fekilde saklanacak, kaydedilecek, g\u00fcncellenecek, mevzuat\u0131n izin verdi\u011fi \u015fekle uygun olarak s\u00f6zle\u015fme ili\u015fkisi i\u00e7erisinde oldu\u011fumuz i\u015f ortaklar\u0131m\u0131z ile kanunen yetkili kamu kurum ve kurulu\u015flar\u0131 gibi \u00fc\u00e7\u00fcnc\u00fc ki\u015filere aktar\u0131labilecek ve Kanun\u2019da say\u0131lan \u015fekillerde i\u015flenebilecektir.<\/p>\n<p>\u00a0<\/p>\n<p><b>Ki\u015fisel Verilerinizin Toplanma Y\u00f6ntemi:<\/b><\/p>\n<p>Ki\u015fisel verileriniz; kurumsal internet sitelerimiz kanal\u0131yla veya e-posta veya di\u011fer yollarla ya da i\u015f ili\u015fkilerimiz s\u0131ras\u0131nda, ticari s\u00f6zle\u015fmelerin imzalanmas\u0131 a\u015famas\u0131nda ve\/veya ticari ili\u015fki s\u00fcreci s\u00fcresi i\u00e7erisinde taraf\u0131m\u0131za iletti\u011finiz bilgiler, internet sitemizi ziyaret etti\u011finiz s\u0131rada ileti\u015fim formunu doldurman\u0131z, fiziksel formlar gibi \u00e7e\u015fitli kanallar arac\u0131l\u0131\u011f\u0131yla s\u00f6zl\u00fc, yaz\u0131l\u0131 veya elektronik ortamda olmak kayd\u0131yla \u00e7e\u015fitli y\u00f6ntemlerle depolanmaktad\u0131r. (\u00d6rnek olarak, bir ticaret fuar\u0131nda),<\/p>\n<p>Ki\u015fisel verileriniz, m\u00fc\u015fterilerimizim a\u00e7\u0131k r\u0131zalar\u0131 ve 6698 say\u0131l\u0131 Ki\u015fisel Verilerin Korunmas\u0131 Kanunu\u2019nun 5. Maddesinde belirtilen hukuki sebeplere dayan\u0131larak i\u015flenmektedir.\u00a0<\/p>\n<p>\u00a0<\/p>\n<p><b>Ki\u015fisel Verilerinizin \u0130\u015flenmesinin Hukuki Sebebi:\u00a0<\/b><\/p>\n<p>Bir s\u00f6zle\u015fmenin kurulmas\u0131 veya ifas\u0131yla do\u011frudan do\u011fruya ilgili olmas\u0131 kayd\u0131yla, s\u00f6zle\u015fmenin taraflar\u0131na ait ki\u015fisel verilerin i\u015flenmesinin gerekli olmas\u0131, Kanuni y\u00fck\u00fcml\u00fcl\u00fcklerimizin yerine getirilmesi,<\/p>\n<p>Ki\u015fisel verileriniz, \u0130lgili ki\u015finin temel hak ve \u00f6zg\u00fcrl\u00fcklerine zarar vermemek kayd\u0131yla, veri sorumlusunun me\u015fru menfaatleri i\u00e7in veri i\u015flenmesinin zorunlu olmas\u0131 6698 say\u0131l\u0131 Ki\u015fisel Verilerin Korunmas\u0131 Kanunu\u2019nun 5. ve 6. maddelerinde belirtilenler ile a\u015fa\u011f\u0131da yer verilen hukuka uygunluk sebeplerine dayan\u0131larak i\u015flenebilir.<\/p>\n<p>\u00a0<\/p>\n<ul>\n<li aria-level=\"1\">Kanunlarda \u00f6ng\u00f6r\u00fclmesi\u00a0<\/li>\n<li aria-level=\"1\">6102 Say\u0131l\u0131 T\u00fcrk Ticaret Kanunu,<\/li>\n<li aria-level=\"1\">213 Say\u0131l\u0131 Vergi Usul Kanunu,\u00a0<\/li>\n<li aria-level=\"1\">6698 Say\u0131l\u0131 Ki\u015fisel Verileri Koruma Kanunu,<\/li>\n<li aria-level=\"1\">4721 Say\u0131l\u0131 T\u00fcrk Medeni Kanunu,<\/li>\n<li aria-level=\"1\">6098 Say\u0131l\u0131 Bor\u00e7lar Kanunu,<\/li>\n<li aria-level=\"1\">5651 Say\u0131l\u0131 \u0130nternet Ortam\u0131nda Yap\u0131lan Yay\u0131nlar\u0131n D\u00fczenlenmesi ve Bu Yay\u0131nlar Yoluyla \u0130\u015flenen Su\u00e7larla M\u00fccadele Edilmesi Hakk\u0131nda Kanun<\/li>\n<li aria-level=\"1\">\u0130lgili ki\u015finin temel hak ve \u00f6zg\u00fcrl\u00fcklerine zarar vermemek kayd\u0131yla, veri sorumlusunun me\u015fru menfaatleri i\u00e7in veri i\u015flenmesinin zorunlu olmas\u0131.<\/li>\n<li aria-level=\"1\">Bir s\u00f6zle\u015fmenin kurulmas\u0131 veya ifas\u0131yla do\u011frudan do\u011fruya ilgili olmas\u0131 kayd\u0131yla (ba\u011f\u0131ms\u0131z denetim hizmeti verdi\u011fimiz m\u00fc\u015fterilerimizin sa\u011flad\u0131\u011f\u0131 ki\u015fisel veriler bu kapsamdad\u0131r), s\u00f6zle\u015fmenin taraflar\u0131na ait ki\u015fisel verilerin i\u015flenmesinin gerekli olmas\u0131,<\/li>\n<li aria-level=\"1\">Talep edilen \u00fcr\u00fcn ve hizmetleri sunabilmek ve akdetti\u011finiz s\u00f6zle\u015fmelerinin gere\u011finin yerine getirilmesi,<\/li>\n<li aria-level=\"1\">Hukuki y\u00fck\u00fcml\u00fcl\u00fc\u011f\u00fcn yerine getirebilmesi i\u00e7in zorunlu olmas\u0131,<\/li>\n<li aria-level=\"1\">Bir hakk\u0131n tesisi, kullan\u0131lmas\u0131 veya korunmas\u0131 i\u00e7in veri i\u015flemenin zorunlu olmas\u0131,<\/li>\n<\/ul>\n<p>\u00a0<\/p>\n<p><b>Ki\u015fisel Verilerinizin \u0130\u015flenme Amac\u0131:<\/b><\/p>\n<p>Toplanan ki\u015fisel verileriniz, Kanun taraf\u0131ndan \u00f6ng\u00f6r\u00fclen temel ilkelere uygun olarak ve Kanun\u2019un 5. ve 6. maddelerinde belirtilen ki\u015fisel veri i\u015fleme \u015fartlar\u0131 ve ama\u00e7lar\u0131 dahilinde, <b><i>\u015firket <\/i><\/b>taraf\u0131ndan a\u015fa\u011f\u0131da yer alan ama\u00e7lar do\u011frultusunda i\u015flenebilecektir:<\/p>\n<ul>\n<li aria-level=\"1\">Acil Durum Y\u00f6netimi S\u00fcre\u00e7lerinin Y\u00fcr\u00fct\u00fclmesi<\/li>\n<li aria-level=\"1\">Bilgi G\u00fcvenli\u011fi S\u00fcre\u00e7lerinin Y\u00fcr\u00fct\u00fclmesi<\/li>\n<li aria-level=\"1\">Eri\u015fim Yetkilerinin Y\u00fcr\u00fct\u00fclmesi<\/li>\n<li aria-level=\"1\">Faaliyetlerin Mevzuata Uygun Y\u00fcr\u00fct\u00fclmesi<\/li>\n<li aria-level=\"1\">Finans ve Muhasebe \u0130\u015flerinin Y\u00fcr\u00fct\u00fclmesi<\/li>\n<li aria-level=\"1\">Fiziksel Mek\u00e2n G\u00fcvenli\u011finin Temini<\/li>\n<li aria-level=\"1\">G\u00f6revlendirme S\u00fcre\u00e7lerinin Y\u00fcr\u00fct\u00fclmesi<\/li>\n<li aria-level=\"1\">Hukuk \u0130\u015flerinin Takibi ve Y\u00fcr\u00fct\u00fclmesi<\/li>\n<li aria-level=\"1\">\u0130leti\u015fim Faaliyetlerinin Y\u00fcr\u00fct\u00fclmesi<\/li>\n<li aria-level=\"1\">\u0130\u015f Faaliyetlerinin Y\u00fcr\u00fct\u00fclmesi \/ Denetimi<\/li>\n<li aria-level=\"1\">\u0130\u015f S\u00fcreklili\u011finin Sa\u011flanmas\u0131 Faaliyetlerinin Y\u00fcr\u00fct\u00fclmesi<\/li>\n<li aria-level=\"1\">Denetim ve Etik Faaliyetlerin Y\u00fcr\u00fct\u00fclmesi<\/li>\n<li aria-level=\"1\">Lojistik Faaliyetlerinin Y\u00fcr\u00fct\u00fclmesi<\/li>\n<li aria-level=\"1\">Mal \/ Hizmet Sat\u0131n Al\u0131m S\u00fcre\u00e7lerinin Y\u00fcr\u00fct\u00fclmesi<\/li>\n<li aria-level=\"1\">Mal \/ Hizmet Sat\u0131\u015f S\u00fcre\u00e7lerinin Y\u00fcr\u00fct\u00fclmesi<\/li>\n<li aria-level=\"1\">Mal \/ Hizmet \u00dcretim ve Operasyon S\u00fcre\u00e7lerinin Y\u00fcr\u00fct\u00fclmesi<\/li>\n<li aria-level=\"1\">M\u00fc\u015fteri \u0130li\u015fkileri Y\u00f6netimi S\u00fcre\u00e7lerinin Y\u00fcr\u00fct\u00fclmesi<\/li>\n<li aria-level=\"1\">Risk Y\u00f6netimi S\u00fcre\u00e7lerinin Y\u00fcr\u00fct\u00fclmesi<\/li>\n<li aria-level=\"1\">Saklama ve Ar\u015fiv Faaliyetlerinin Y\u00fcr\u00fct\u00fclmesi<\/li>\n<li aria-level=\"1\">S\u00f6zle\u015fme S\u00fcre\u00e7lerinin Y\u00fcr\u00fct\u00fclmesi<\/li>\n<li aria-level=\"1\">Talep \/ \u015eikayetlerin Takibi<\/li>\n<li aria-level=\"1\">Tedarik Zinciri Y\u00f6netimi S\u00fcre\u00e7lerinin Y\u00fcr\u00fct\u00fclmesi<\/li>\n<li aria-level=\"1\">\u00dcr\u00fcn \/ Hizmetlerin Pazarlama S\u00fcre\u00e7lerinin Y\u00fcr\u00fct\u00fclmesi<\/li>\n<li aria-level=\"1\">Veri Sorumlusu Operasyonlar\u0131n\u0131n G\u00fcvenli\u011finin Temini<\/li>\n<li aria-level=\"1\">Yetkili Ki\u015fi, Kurum ve Kurulu\u015flara Bilgi Verilmesi<\/li>\n<li aria-level=\"1\">Y\u00f6netim Faaliyetlerinin Y\u00fcr\u00fct\u00fclmesi<\/li>\n<li aria-level=\"1\">Hizmet ve tekliflerin sunulmas\u0131,<\/li>\n<li aria-level=\"1\">Etili Seramik \u2019\u0131n ticari g\u00fcvenilirli\u011finin sa\u011flanabilmesi,<\/li>\n<li aria-level=\"1\">Ziyaret\u00e7i Kay\u0131tlar\u0131n\u0131n Olu\u015fturulmas\u0131 ve Takibi<\/li>\n<li aria-level=\"1\">\u015eirket i\u015fyeri ve binas\u0131nda i\u015f sa\u011fl\u0131\u011f\u0131 ve g\u00fcvenli\u011finin sa\u011flanmas\u0131 ve denetimi gibi yasal y\u00fck\u00fcml\u00fcl\u00fcklerin yerine getirilmesi amac\u0131yla i\u015flenebilir.<\/li>\n<\/ul>\n<p>\u00a0<\/p>\n<p><b>Ki\u015fisel Verilerinizin Aktar\u0131m\u0131:<\/b><\/p>\n<p>Ki\u015fisel veriler, Kanun\u2019un 5. maddesinin 2. f\u0131kras\u0131nda yer alan \u015fartlardan birinin bulunmas\u0131 halinde i\u015fbu metnin d\u00f6rd\u00fcnc\u00fc maddesinde belirtilen ama\u00e7larla s\u0131n\u0131rl\u0131 olarak, <b><i>\u015firket <\/i><\/b>\u00a0taraf\u0131ndan yukar\u0131da yer alan ama\u00e7lar do\u011frultusunda do\u011frudan veya dolayl\u0131 olarak yurti\u00e7indeki hissedarlar\u0131m\u0131za, i\u015f ortaklar\u0131m\u0131za, tedarik\u00e7ilerimize, i\u015f s\u00fcre\u00e7lerinin y\u00fcr\u00fct\u00fclmesi amac\u0131yla, <b><i>\u015firket <\/i><\/b>\u00a0\u00c7al\u0131\u015fanlar\u0131na, kanunen yetkili kamu kurum ve kurulu\u015flar\u0131 ve kanunen yetkili \u00f6zel hukuk ki\u015filerine Kanun\u2019un 8. ve 9. maddelerinde belirtilen \u015fartlar \u00e7er\u00e7evesinde gerekli g\u00fcvenlik \u00f6nlemleri al\u0131nmak kayd\u0131yla aktar\u0131labilmektedir.\u00a0<\/p>\n<p><b>Kanun\u2019un 5. maddesinin 2. f\u0131kras\u0131nda yer alan \u015fartlardan birinin bulunmamas\u0131 halinde Ki\u015fisel Verilerin aktar\u0131m\u0131 ilgili ki\u015finin a\u00e7\u0131k r\u0131zas\u0131na tabidir.<\/b><\/p>\n<p>\u00a0<\/p>\n<p><b>Ki\u015fisel Veri Sahibi Olarak Kanun\u2019un 11. Maddesinde Say\u0131lan Haklar\u0131n\u0131z<\/b><\/p>\n<p>Ki\u015fisel veri sahipleri olarak, haklar\u0131n\u0131za ili\u015fkin taleplerinizi, a\u015fa\u011f\u0131da d\u00fczenlenen y\u00f6ntemlerle Etili Seramik \u2019a iletmeniz durumunda, Etili Seramik \u2019a talebinizi niteli\u011fine g\u00f6re en k\u0131sa s\u00fcrede ve en ge\u00e7 30 (otuz) g\u00fcn i\u00e7inde \u00fccretsiz olarak sonu\u00e7land\u0131racakt\u0131r. Ancak, Ki\u015fisel Verileri Koruma Kurulunca bir \u00fccret \u00f6ng\u00f6r\u00fclmesi halinde, belirlenen tarifedeki \u00fccret al\u0131nabilir.<\/p>\n<p>Bu kapsamda ki\u015fisel veri sahipleri, Etili Seramik \u2019a ba\u015fvurarak a\u015fa\u011f\u0131daki haklar\u0131n\u0131 kullanabilir:<\/p>\n<ul>\n<li aria-level=\"1\">Etili Seramik \u2019\u0131n veri sahibinin ki\u015fisel verilerini i\u015fleyip i\u015flemedi\u011fini \u00f6\u011frenme,<\/li>\n<li aria-level=\"1\">Etili Seramik nezdinde ki\u015fisel veriler i\u015fleniyorsa, bu veri i\u015fleme faaliyeti hakk\u0131nda bilgi talep etme,<\/li>\n<li aria-level=\"1\">Etili Seramik nezdinde ki\u015fisel veriler i\u015fleniyorsa, ki\u015fisel veri i\u015fleme faaliyetinin amac\u0131n\u0131 ve i\u015flenme amac\u0131na uygun kullan\u0131l\u0131p kullanmad\u0131\u011f\u0131n\u0131 \u00f6\u011frenme,<\/li>\n<li aria-level=\"1\">E\u011fer ki\u015fisel veriler yurti\u00e7inde veya yurtd\u0131\u015f\u0131nda \u00fc\u00e7\u00fcnc\u00fc ki\u015filere aktar\u0131l\u0131yorsa, bu \u00fc\u00e7\u00fcnc\u00fc ki\u015filer hakk\u0131nda bilgi talep etme,<\/li>\n<li aria-level=\"1\">Ki\u015fisel verilerin eksik veya yanl\u0131\u015f i\u015flenmi\u015f olmas\u0131 halinde, bunlar\u0131n d\u00fczeltilmesini talep etme,<\/li>\n<li aria-level=\"1\">Ki\u015fisel verilerin Etili Seramik nezdinde eksik veya yanl\u0131\u015f i\u015flenmi\u015f olmas\u0131 halinde, ki\u015fisel verilerin aktar\u0131ld\u0131\u011f\u0131 \u00fc\u00e7\u00fcnc\u00fc ki\u015filere bu durumun bildirilmesini talep etme,<\/li>\n<li aria-level=\"1\">Ki\u015fisel verilerin Kanun ve ilgili di\u011fer kanun h\u00fck\u00fcmlerine uygun olarak i\u015flenmi\u015f olmas\u0131na ra\u011fmen, i\u015flenmesini gerektiren sebeplerin ortadan kalkmas\u0131 h\u00e2linde ki\u015fisel verilerin silinmesini, yok edilmesini veya anonim hale getirilmesini isteme.<\/li>\n<li aria-level=\"1\">Ki\u015fisel verilerin i\u015flenmesini gerektiren sebepler ortadan kalkt\u0131ysa, bu durumun ki\u015fisel verilerin aktar\u0131ld\u0131\u011f\u0131 \u00fc\u00e7\u00fcnc\u00fc ki\u015filere bildirilmesini talep etme,<\/li>\n<li aria-level=\"1\">Etili Seramik taraf\u0131ndan i\u015flenen ki\u015fisel verilerin m\u00fcnhas\u0131ran otomatik sistemler vas\u0131tas\u0131yla analiz edilmesi ve bu analiz neticesinde ilgili ki\u015finin aleyhine bir sonu\u00e7 do\u011fdu\u011funu d\u00fc\u015f\u00fcnd\u00fc\u011f\u00fc sonu\u00e7lar\u0131n ortaya \u00e7\u0131kmas\u0131 halinde, bu sonuca itiraz etme.<\/li>\n<li aria-level=\"1\">Ki\u015fisel verilerin kanuna ayk\u0131r\u0131 olarak i\u015flenmesi sebebiyle zarara u\u011franmas\u0131 halinde zarar\u0131n giderilmesini talep etme.<\/li>\n<\/ul>\n<p>KVK Kanunu\u2019nun 13. maddesinin 1. f\u0131kras\u0131 gere\u011fince, yukar\u0131da belirtilen haklar\u0131n\u0131z\u0131 kullanmakla ilgili talebinizi Ki\u015fisel Verileri Koruma Kurulu\u2019nun belirledi\u011fi\/belirleyece\u011fi y\u00f6ntem (ler)le \u015eirketimize iletebilirsiniz:<\/p>\n<ul>\n<li aria-level=\"1\">Ba\u015fvurunuzu yaz\u0131l\u0131 olarak ve Islak imzal\u0131 bir n\u00fcshas\u0131n\u0131 \u201cEtili K\u00f6y\u00fc- \u00c7AN \u00c7ANAKKALE\u201d adresine \u015fahsen elden teslim edebilir,<\/li>\n<li aria-level=\"1\">Noter vas\u0131tas\u0131yla veya iadeli taahh\u00fctl\u00fc posta yoluyla yukar\u0131daki adresimize g\u00f6nderebilir,<\/li>\n<li aria-level=\"1\">Ba\u015fvurunuzu kimli\u011finizi tespit edici belgeler ile birlikte <b>info@etiliseramik.com<\/b>\u00a0 adresine veya g\u00fcvenli elektronik posta ile <b>etiliseramik@hs04.kep.tr<\/b> adresine mail g\u00f6nderebilirsiniz.\u00a0<\/li>\n<\/ul>\n<p><b>De\u011fi\u015fiklikler<\/b><\/p>\n<p>Etili Seramik Ki\u015fisel Verilerin Korunmas\u0131 Kanunu\u2019nda olabilecek de\u011fi\u015fiklikler ve Ki\u015fisel Verileri Koruma Kurulu taraf\u0131ndan belirlenecek y\u00f6ntemler nedeni ile bu ayd\u0131nlatma bildiriminde de\u011fi\u015fiklik yapma hakk\u0131 sakl\u0131d\u0131r.\u00a0<\/p>\n<p>Revizyon- 2 (01.10.2022)<\/p>\n<p><b>VER\u0130 SORUMLUSU \u0130LET\u0130\u015e\u0130M B\u0130LG\u0130LER\u0130<\/b><\/p>\n<p><b>ET\u0130L\u0130 SERAM\u0130K \u0130N\u015e. SAN. VE T\u0130C. A.\u015e.<br \/><\/b><b>Mersis No: 381040445300013<br \/><\/b><b>Adres: Etili K\u00f6y\u00fc- \u00c7AN \u00c7ANAKKALE<br \/><\/b><b>Web Sayfas\u0131: <\/b><b>www.etiliseramik.com<\/b><br \/><b>E-mail: <\/b><b>info@etiliseramik.com<\/b><\/p>\n<p>\u00a0<\/p>\n<p>\u00a0<\/p>","protected":false},"excerpt":{"rendered":"<p>6698 say\u0131l\u0131 Ki\u015fisel Verilerin Korunmas\u0131 Kanunu\u2019nun (\u201cKVKK\u201d) 10\u2019uncu maddesi \u2018Veri Sorumlusunun Ayd\u0131nlatma Y\u00fck\u00fcml\u00fcl\u00fc\u011f\u00fc\u2019 madde ba\u015fl\u0131\u011f\u0131 ile \u2018veri sorumlusu\u2019 olan ET\u0130L\u0130 SERAM\u0130K \u0130N\u015e. SAN. VE T\u0130C. A.\u015e. (\u201cET\u0130L\u0130 SERAM\u0130K\u201d \u201c\u015e\u0130RKET\u201d) ilgili ki\u015fileri (di\u011fer ifadeyle \u2018veri sahiplerini\u2019) veri sorumlusunun kimli\u011fi, ki\u015fisel veri i\u015fleme ama\u00e7lar\u0131, ki\u015fisel verilerin aktar\u0131ld\u0131\u011f\u0131 ki\u015filer ve aktarma ama\u00e7lar\u0131, ki\u015fisel verilerin toplanmas\u0131n\u0131n hukuki sebepleri ve [&#8230;]\n","protected":false},"author":1,"featured_media":0,"parent":0,"menu_order":0,"comment_status":"closed","ping_status":"closed","template":"","meta":{"footnotes":""},"class_list":["post-862","page","type-page","status-publish","hentry"],"_links":{"self":[{"href":"https:\/\/etiliseramik.com\/en\/wp-json\/wp\/v2\/pages\/862","targetHints":{"allow":["GET"]}}],"collection":[{"href":"https:\/\/etiliseramik.com\/en\/wp-json\/wp\/v2\/pages"}],"about":[{"href":"https:\/\/etiliseramik.com\/en\/wp-json\/wp\/v2\/types\/page"}],"author":[{"embeddable":true,"href":"https:\/\/etiliseramik.com\/en\/wp-json\/wp\/v2\/users\/1"}],"replies":[{"embeddable":true,"href":"https:\/\/etiliseramik.com\/en\/wp-json\/wp\/v2\/comments?post=862"}],"version-history":[{"count":5,"href":"https:\/\/etiliseramik.com\/en\/wp-json\/wp\/v2\/pages\/862\/revisions"}],"predecessor-version":[{"id":9267,"href":"https:\/\/etiliseramik.com\/en\/wp-json\/wp\/v2\/pages\/862\/revisions\/9267"}],"wp:attachment":[{"href":"https:\/\/etiliseramik.com\/en\/wp-json\/wp\/v2\/media?parent=862"}],"curies":[{"name":"wp","href":"https:\/\/api.w.org\/{rel}","templated":true}]}}