{"id":860,"date":"2025-10-03T15:52:21","date_gmt":"2025-10-03T12:52:21","guid":{"rendered":"https:\/\/etiliseramik.com\/?page_id=860"},"modified":"2025-10-03T16:08:00","modified_gmt":"2025-10-03T13:08:00","slug":"information-society-services","status":"publish","type":"page","link":"https:\/\/etiliseramik.com\/en\/information-society-services\/","title":{"rendered":"Information Society Services"},"content":{"rendered":"<h3 class=\"wp-block-heading\">ET\u0130L\u0130 SERAM\u0130K \u0130N\u015e. SAN. VE T\u0130C. A.\u015e. \u2013B\u0130LG\u0130 TOPLUMU H\u0130ZMETLER\u0130<br \/><br \/>G\u0130ZL\u0130L\u0130K POL\u0130T\u0130KASI<\/h3>\r\n<p><strong>I. Ama\u00e7<br \/><\/strong>Bu Gizlilik Politikas\u0131, Etili Seramik \u0130n\u015f. San. ve Tic. A.\u015e. (bundan b\u00f6yle \u201c\u015eirket\u201d olarak an\u0131lacakt\u0131r) taraf\u0131ndan; www.etili.site<br \/>web sitesi (\u201cSite\u201d) arac\u0131l\u0131\u011f\u0131yla toplanan ki\u015fisel verilerin nas\u0131l i\u015flenece\u011fini, saklanaca\u011f\u0131n\u0131, korunaca\u011f\u0131n\u0131 ve payla\u015f\u0131labilece\u011fini a\u00e7\u0131klamaktad\u0131r. Siteyi ziyaret etmeniz ve burada sunulan i\u00e7eriklerden yararlanman\u0131z, bu Politikada belirtilen h\u00fck\u00fcm ve \u015fartlar\u0131 kabul etti\u011finiz anlam\u0131na gelir.<\/p>\r\n<p><strong>II. Kapsam ve De\u011fi\u015fiklik<\/strong><br \/>Bu politika, \u015eirket taraf\u0131ndan y\u00fcr\u00fct\u00fclen faaliyetler kapsam\u0131nda kullan\u0131c\u0131lar, ziyaret\u00e7iler ve \u00e7al\u0131\u015fan adaylar\u0131 gibi t\u00fcm ilgili ki\u015filerin verilerini kapsar.\u015eirket, bu Politikay\u0131 zaman zaman g\u00fcncelleme hakk\u0131n\u0131 sakl\u0131 tutar. Yap\u0131lan g\u00fcncellemeler Site\u2019de yay\u0131nland\u0131\u011f\u0131nda y\u00fcr\u00fcrl\u00fc\u011fe girer.<\/p>\r\n<p><strong>III. Temel \u0130lke ve Kurallar<\/strong><br \/>\u015eirket, ki\u015fisel verileri a\u015fa\u011f\u0131daki ilkelere uygun olarak i\u015flemeyi taahh\u00fct eder:<br \/>Hukuka uygunluk ve d\u00fcr\u00fcstl\u00fck: Veriler, yasal dayanaklara ve d\u00fcr\u00fcst i\u015fleme ilkelerine uygun olarak toplan\u0131r.<br \/>Do\u011fruluk ve g\u00fcncellik: Veriler do\u011fru, tam ve gerekti\u011finde g\u00fcncel tutulur.<br \/>Belirli, a\u00e7\u0131k ve me\u015fru ama\u00e7lar: Veriler yaln\u0131zca a\u00e7\u0131klanan ama\u00e7lar do\u011frultusunda i\u015flenir. Ba\u015fka ama\u00e7larla kullan\u0131lmaz.<br \/>\u0130\u015flemeye s\u0131n\u0131rl\u0131l\u0131k ve \u00f6l\u00e7\u00fcl\u00fcl\u00fck: Veriler, sadece gerekli olan \u00f6l\u00e7\u00fcde i\u015flenir.<br \/>Saklama s\u00fcresi ile s\u0131n\u0131rl\u0131l\u0131k: Veriler, gerekli oldu\u011fu s\u00fcrece saklan\u0131r; ama\u00e7 ortadan kalk\u0131nca silinir, yok edilir veya anonim h\u00e2le getirilir.<\/p>\r\n<p><strong>IV. \u0130\u015flenen Veriler<br \/><\/strong>\u015eirketimizin Site \u00fczerinde i\u015flem yapman\u0131z durumunda i\u015fleyebilece\u011fi baz\u0131 ki\u015fisel veri kategorileri \u015funlard\u0131r:<br \/>Kimlik Bilgileri: Ad, soyad, T.C. kimlik numaras\u0131 (mevzuat gere\u011fi ihtiya\u00e7 halinde)<br \/>\u0130leti\u015fim Bilgileri: E-posta adresi, telefon numaras\u0131, posta adresi<br \/>Site Kullan\u0131m Bilgileri: IP adresi, cihaz ve eri\u015fim bilgileri, \u00e7erez verileri<br \/>\u0130\u015flem G\u00fcvenli\u011fi Verileri: Taray\u0131c\u0131 t\u00fcr\u00fc, giri\u015f kay\u0131tlar\u0131, sistem loglar\u0131<br \/>Hukuki Veriler: Yaz\u0131\u015fmalar, ba\u015fvurular, \u015fikayet kay\u0131tlar\u0131<br \/>\u0130\u015fitsel Veriler: \u00c7a\u011fr\u0131 merkezi g\u00f6r\u00fc\u015fme kay\u0131tlar\u0131 (varsa)<\/p>\r\n<p><strong>V. \u0130\u015fleme Ama\u00e7lar\u0131<br \/><\/strong>\u015eirket, ki\u015fisel verilerinizi a\u015fa\u011f\u0131daki ama\u00e7larla i\u015fleyebilir:<br \/>Site i\u00e7eriklerinin eri\u015filebilirli\u011fini sa\u011flamak, ziyaret\u00e7i taleplerini yan\u0131tlamak, ileti\u015fim kurulmas\u0131n\u0131 temin etmek<br \/>Kullan\u0131c\u0131 deneyimini iyile\u015ftirmek, Site trafi\u011fini analiz etmek<br \/>Sistem g\u00fcvenli\u011fini sa\u011flamak, izinsiz eri\u015fimleri \u00f6nlemek<br \/>\u015eirketin yasal y\u00fck\u00fcml\u00fcl\u00fcklerini yerine getirmek, resmi kurum taleplerine cevap vermek<br \/>Yaz\u0131l\u0131 izin\/r\u0131za al\u0131nmas\u0131 durumunda; tan\u0131t\u0131m, bilgilendirme ve pazarlama faaliyetleri y\u00fcr\u00fctmek<\/p>\r\n<p><strong>VI. Verilerin Aktar\u0131lmas\u0131<\/strong><br \/>\u015eirket, ki\u015fisel verilerinizi yaln\u0131zca gerekli oldu\u011fu \u00f6l\u00e7\u00fcde ve yasal dayanaklara uygun \u015fekilde, a\u015fa\u011f\u0131daki muhtemel al\u0131c\u0131lara aktarabilir:<br \/>Grup \u015firketleri ve i\u015ftirakler<br \/>Hizmet sa\u011flay\u0131c\u0131lar (yaz\u0131l\u0131m, bilgi teknolojileri, analiz hizmetleri, dan\u0131\u015fmanl\u0131k vb.)<br \/>Mali m\u00fc\u015favirler, avukatlar, denet\u00e7iler<br \/>Resmi kurum ve kurulu\u015flar<br \/>Yurt d\u0131\u015f\u0131 aktar\u0131m durumunda KVKK\u2019n\u0131n 9. maddesinde belirtilen g\u00fcvenceler sa\u011flanarak transfer edilebilir<\/p>\r\n<p><strong>VII. Veri G\u00fcvenli\u011fi \u00d6nlemleri<\/strong><br \/>\u015eirket veri g\u00fcvenli\u011fini sa\u011flamak ad\u0131na \u00e7e\u015fitli teknik ve idari tedbirler uygular:<br \/>SSL gibi \u015fifreleme teknolojileri ile veri iletimi g\u00fcvence alt\u0131na al\u0131n\u0131r<br \/>Yetkisiz eri\u015fimi \u00f6nlemek amac\u0131yla eri\u015fim kontrolleri uygulan\u0131r<br \/>D\u00fczenli g\u00fcvenlik testleri ve s\u0131zma testleri yap\u0131l\u0131r<br \/>G\u00fcvenlik politika ve prosed\u00fcrleri d\u00fczenli olarak g\u00f6zden ge\u00e7irilir<br \/>Personel e\u011fitimleri ile veri koruma bilinci art\u0131r\u0131l\u0131r<\/p>\r\n<p><strong>VIII. Haklar\u0131n\u0131z<\/strong><br \/>6698 say\u0131l\u0131 KVKK\u2019n\u0131n 11. maddesine g\u00f6re, \u015eirket\u2019e ba\u015fvurarak a\u015fa\u011f\u0131daki haklara sahipsiniz:<br \/>Ki\u015fisel verilerinizin i\u015flenip i\u015flenmedi\u011fini \u00f6\u011frenme<br \/>\u0130\u015flenmi\u015fse buna ili\u015fkin bilgi talep etme<br \/>Verilerin i\u015flenme amac\u0131 ve amaca uygun kullan\u0131l\u0131p kullan\u0131lmad\u0131\u011f\u0131n\u0131 \u00f6\u011frenme<br \/>Yurt i\u00e7inde\/yurt d\u0131\u015f\u0131nda verilerin aktar\u0131l\u0131p aktar\u0131lmad\u0131\u011f\u0131n\u0131 \u00f6\u011frenme<br \/>Eksik\/yanl\u0131\u015f verilerin d\u00fczeltilmesini isteme<br \/>Kanunda \u00f6ng\u00f6r\u00fclen \u015fartlarla verilerin silinmesini ya da yok edilmesini isteme<br \/>Silme i\u015flemi yap\u0131lm\u0131\u015fsa bu durumun \u00fc\u00e7\u00fcnc\u00fc ki\u015filere bildirilmesini isteme<br \/>Otomatik sistemlerle analiz suretiyle aleyhinize bir sonu\u00e7 olu\u015fmas\u0131 halinde itiraz etme<br \/>Kanuna ayk\u0131r\u0131 i\u015fleme sebebiyle zarar g\u00f6rmeniz halinde tazminat talep etme<br \/>Ba\u015fvurular\u0131n\u0131z \u015eirket taraf\u0131ndan en ge\u00e7 30 (otuz) g\u00fcn i\u00e7inde sonu\u00e7land\u0131r\u0131l\u0131r. Talep merci, \u015firketin web sitesinde ilan edilen ileti\u015fim kanallar\u0131d\u0131r.<\/p>\r\n<p><strong>IX. \u00c7erez Politikas\u0131<\/strong><br \/>Site, ziyaret\u00e7i deneyimini art\u0131rmak amac\u0131yla \u00e7erez ve benzeri teknolojileri kullanabilir. \u00c7erezler; site i\u015flevselli\u011fini destekleyen, analiz ama\u00e7l\u0131 veya tercih\/tercih hat\u0131rlama ama\u00e7l\u0131 olabilir.<br \/>\u00c7erez kullan\u0131m\u0131na izin vermiyorsan\u0131z, taray\u0131c\u0131 ayarlar\u0131ndan bu tercihlerinizi de\u011fi\u015ftirebilirsiniz. Ancak baz\u0131 \u00f6zellikler \u00e7al\u0131\u015fmayabilir.<\/p>\r\n<p><strong>\u00c7erez T\u00fcrleri:<\/strong><br \/>Oturum \u00c7erezleri: Taray\u0131c\u0131 kapand\u0131\u011f\u0131nda silinir<br \/>Kal\u0131c\u0131 \u00c7erezler: Belirli s\u00fcre boyunca cihaz\u0131n\u0131zda saklan\u0131r<br \/>Birinci Taraf \/ \u00dc\u00e7\u00fcnc\u00fc Taraf \u00c7erezleri: Site taraf\u0131ndan veya \u00fc\u00e7\u00fcnc\u00fc taraflarca yerle\u015ftirilmi\u015f olabilir<\/p>\r\n<p><strong>X. Politikan\u0131n G\u00fcncellenmesi<\/strong><br \/>Bu Gizlilik Politikas\u0131, yasal d\u00fczenlemeler veya \u015eirket faaliyetlerine ba\u011fl\u0131 de\u011fi\u015fiklikler do\u011frultusunda revize edilebilir. G\u00fcncellenen versiyon Site \u00fczerinde yay\u0131mland\u0131\u011f\u0131nda y\u00fcr\u00fcrl\u00fc\u011fe girer.<\/p>\r\n\r\n<h3>\u00a0<\/h3>\r\n<h3>Etili Seramik Telif Haklar\u0131, Fikir ve S\u0131nai M\u00fclkiyet Haklar\u0131<\/h3>\r\n<p><strong>1. Telif Haklar\u0131<\/strong><\/p>\r\n<p>1.1. Etili Seramik\u2019in web sitesi, kataloglar\u0131, bro\u015f\u00fcrleri, \u00fcr\u00fcn tan\u0131t\u0131m materyalleri, g\u00f6rselleri, videolar\u0131, grafik tasar\u0131mlar\u0131, metinler, teknik \u00e7izimler ve di\u011fer t\u00fcm i\u00e7erikleri (\u201c\u0130\u00e7erik\u201d), 5846 say\u0131l\u0131 Fikir ve Sanat Eserleri Kanunu kapsam\u0131ndaki telif haklar\u0131 ile korunmaktad\u0131r.<\/p>\r\n<p>1.2. Etili Seramik\u2019in t\u00fcm \u0130\u00e7erikleri, \u015firketimiz veya \u00fc\u00e7\u00fcnc\u00fc taraflardan al\u0131nan lisanslar ile sahip oldu\u011fumuz haklar \u00e7er\u00e7evesinde kullan\u0131lmaktad\u0131r. Bu \u0130\u00e7erikler, Etili Seramik\u2019in a\u00e7\u0131k izni olmadan \u00e7o\u011falt\u0131lamaz, da\u011f\u0131t\u0131lamaz, kamuya sunulamaz, ba\u015fka bir platformda yay\u0131nlanamaz veya ticari ama\u00e7larla kullan\u0131lamaz.<\/p>\r\n<p>1.3. Web sitesindeki ve di\u011fer dijital veya bas\u0131l\u0131 materyallerde yer alan i\u00e7eriklerin tamam\u0131 veya bir k\u0131sm\u0131 \u00fczerinde yap\u0131lacak her t\u00fcrl\u00fc de\u011fi\u015fiklik, izinsiz \u00e7o\u011faltma, da\u011f\u0131t\u0131m veya ticari kullan\u0131m hukuka ayk\u0131r\u0131d\u0131r ve Etili Seramik taraf\u0131ndan yasal olarak takip edilir.<\/p>\r\n<p><br \/><strong>2. Fikir ve End\u00fcstriyel Tasar\u0131m Haklar\u0131<\/strong><\/p>\r\n<p>2.1. Etili Seramik taraf\u0131ndan \u00fcretilen t\u00fcm seramik modelleri, tasar\u0131mlar ve \u00f6zg\u00fcn dekorasyon desenleri, 6769 say\u0131l\u0131 S\u0131nai M\u00fclkiyet Kanunu ve ilgili mevzuat uyar\u0131nca korunmaktad\u0131r.<\/p>\r\n<p>2.2. Etili Seramik\u2019in sahip oldu\u011fu fikir ve tasar\u0131m haklar\u0131, patent, faydal\u0131 model, end\u00fcstriyel tasar\u0131m ve marka tescil belgeleri ile desteklenmektedir.<\/p>\r\n<p>2.3. Etili Seramik\u2019in patentli, tescilli veya tasar\u0131m haklar\u0131yla korunmu\u015f \u00fcr\u00fcnlerinin izinsiz \u00fcretilmesi, \u00e7o\u011falt\u0131lmas\u0131, taklit edilmesi veya \u00fc\u00e7\u00fcnc\u00fc ki\u015filerce kullan\u0131lmas\u0131 yasakt\u0131r. Bu t\u00fcr ihlaller tespit edildi\u011finde, Etili Seramik yasal yollara ba\u015fvurma hakk\u0131na sahiptir.<\/p>\r\n<p><br \/><strong>3. Marka Haklar\u0131<\/strong><\/p>\r\n<p>3.1. \u201cEtili Seramik\u201d ve ilgili \u00fcr\u00fcn ve hizmet markalar\u0131, T\u00fcrk Patent ve Marka Kurumu nezdinde tescillenmi\u015f olup, \u015firketimizin m\u00fcnhas\u0131r haklar\u0131na tabidir.<\/p>\r\n<p>3.2. Etili Seramik markalar\u0131n\u0131n veya logolar\u0131n\u0131n izinsiz kullan\u0131m\u0131, \u00e7o\u011falt\u0131lmas\u0131 veya ticari ama\u00e7larla payla\u015f\u0131lmas\u0131 kesinlikle yasakt\u0131r.<\/p>\r\n<p>3.3. Marka haklar\u0131na y\u00f6nelik ihlallerde, Etili Seramik gerekli hukuki i\u015flemleri ba\u015flatma ve zarar\u0131n tazmini i\u00e7in yasal yollara ba\u015fvurma hakk\u0131n\u0131 sakl\u0131 tutar.<\/p>\r\n<p><br \/><strong>4. Kullan\u0131m Ko\u015fullar\u0131<br \/><br \/><\/strong>4.1 Genel Kullan\u0131m<br \/>Etili Seramik web sitesi ve di\u011fer dijital platformlardaki i\u00e7erikler yaln\u0131zca bilgilendirme amac\u0131yla g\u00f6r\u00fcnt\u00fclenebilir. \u0130zinsiz kopyalama, da\u011f\u0131t\u0131m veya ticari kullan\u0131m yasakt\u0131r.<br \/><br \/>4.2 \u0130\u00e7eriklerin De\u011fi\u015ftirilmesi<br \/>Metin, g\u00f6rsel veya teknik belgeler \u00fczerinde Etili Seramik\u2019in yaz\u0131l\u0131 onay\u0131 olmaks\u0131z\u0131n de\u011fi\u015fiklik yap\u0131lamaz.<br \/><br \/>4.3 Ticari Ama\u00e7l\u0131 Kullan\u0131m<br \/>Etili Seramik\u2019e ait materyaller, \u015firketin a\u00e7\u0131k yaz\u0131l\u0131 izni olmadan \u00fc\u00e7\u00fcnc\u00fc ki\u015filer taraf\u0131ndan ticari ama\u00e7larla kullan\u0131lamaz.<br \/><br \/>4.4 \u00dc\u00e7\u00fcnc\u00fc Taraf Payla\u015f\u0131mlar<br \/>Etili Seramik\u2019in a\u00e7\u0131k yaz\u0131l\u0131 izni olmadan, web sitesinde yer alan i\u00e7erikler \u00fc\u00e7\u00fcnc\u00fc taraf platformlarda payla\u015f\u0131lamaz.<br \/><br \/>4.5 \u0130hlal Durumu<br \/>Haklar\u0131n ihlali halinde Etili Seramik, i\u00e7eri\u011fin yay\u0131ndan kald\u0131r\u0131lmas\u0131 ve yasal i\u015flem ba\u015flat\u0131lmas\u0131 hakk\u0131n\u0131 sakl\u0131 tutar.<br \/><br \/>4.6 Logo ve Kurumsal Kimlik Kullan\u0131m\u0131<br \/>Etili Seramik logosu ve kurumsal kimlik unsurlar\u0131, yaln\u0131zca \u015firketin belirledi\u011fi standartlara uygun olarak kullan\u0131labilir.<br \/>\u2022 Oranlar: Logo, en-boy oranlar\u0131 d\u0131\u015f\u0131nda kullan\u0131lmamal\u0131, e\u011fim veya a\u00e7\u0131 verilmemelidir .<br \/>\u2022 Minimum Boyut: Logo, dijital ve bas\u0131l\u0131 materyallerde minimum 20 mm boyutundan k\u00fc\u00e7\u00fck olmamal\u0131d\u0131r .<br \/>\u2022 G\u00fcvenli Alan: Logonun etraf\u0131nda, amblem y\u00fcksekli\u011fi kadar bo\u015fluk b\u0131rak\u0131lmal\u0131, bu alanda metin, g\u00f6rsel veya ba\u015fka \u00f6\u011feler kullan\u0131lmamal\u0131d\u0131r .<br \/>\u2022 Zemin Kullan\u0131m\u0131: Logonun anla\u015f\u0131labilirli\u011fini bozacak karma\u015f\u0131k desen ve arka planlardan ka\u00e7\u0131n\u0131lmal\u0131d\u0131r. Renk se\u00e7iminde kontrast dikkate al\u0131nmal\u0131d\u0131r .<br \/>\u2022 Renk: Logo yaln\u0131zca tan\u0131mlanm\u0131\u015f kurumsal renklerde kullan\u0131labilir:<br \/>o Pantone 124 (RGB: 235-169-0 \/ CMYK: 7-36-100-0 \/ RAL: 1032)<br \/>o Pantone 419 (RGB: 33-35-34 \/ CMYK: 73-65-65-73 \/ RAL: 9011)<br \/>\u2022 Yanl\u0131\u015f Kullan\u0131m: Logo \u00fczerinde renk de\u011fi\u015ftirme, degrade (gradient), efekt verme veya orant\u0131s\u0131z b\u00fcy\u00fctme\/k\u00fc\u00e7\u00fcltme yap\u0131lamaz.<br \/>Kurumsal kimlik k\u0131lavuzunda belirtilen standartlar d\u0131\u015f\u0131nda logo veya di\u011fer g\u00f6rsel unsurlar\u0131n kullan\u0131maz<\/p>\r\n<p><br \/><strong>5. \u0130hlal ve Yapt\u0131r\u0131mlar<\/strong><\/p>\r\n<p>5.1. Telif, marka ve tasar\u0131m haklar\u0131n\u0131n ihlali durumunda, Etili Seramik taraf\u0131ndan gerekli yasal i\u015flemler ba\u015flat\u0131lacakt\u0131r.<\/p>\r\n<p>5.2. \u0130hlaller, hem maddi hem de manevi tazminat taleplerini kapsayacak \u015fekilde Etili Seramik taraf\u0131ndan takip edilir.<\/p>\r\n<p>5.3. Etili Seramik, haklar\u0131n\u0131n ihlali durumunda, ilgili i\u00e7eriklerin derhal eri\u015fime kapat\u0131lmas\u0131 ve hukuki s\u00fcre\u00e7lerin ba\u015flat\u0131lmas\u0131 hakk\u0131n\u0131 sakl\u0131 tutar.<\/p>\r\n<p><br \/><strong>6. \u0130leti\u015fim ve Hak Talepleri<\/strong><\/p>\r\n<p>6.1. Telif, marka veya tasar\u0131m haklar\u0131na ili\u015fkin sorular ve hak talepleri i\u00e7in Etili Seramik ile iletisim@etili.site.tr<br \/>\u00fczerinden ileti\u015fime ge\u00e7ilebilir.<\/p>\r\n<p>6.2. T\u00fcm bildirimler yaz\u0131l\u0131 olarak yap\u0131lmal\u0131 ve Etili Seramik taraf\u0131ndan de\u011ferlendirilecektir.<br \/><br \/><br \/><\/p>\r\n<h3>SORUMLULUK REDD\u0130<\/h3>\r\n<p>Bu web sitesinde yer alan t\u00fcm metinler, g\u00f6rseller, grafikler, \u00e7izimler, teknik belgeler, d\u00fczenlemeler ve i\u00e7erikler (\u201c\u0130\u00e7erik\u201d), Etili Seramik \u0130n\u015f. San. ve Tic. A.\u015e. (\u201c\u015eirket\u201d) taraf\u0131ndan yaln\u0131zca bilgilendirme amac\u0131yla haz\u0131rlanm\u0131\u015ft\u0131r.<\/p>\r\n<p>\u015eirket, bu \u0130\u00e7erik\u2019in haz\u0131rlanmas\u0131 s\u00fcrecinde azami dikkat ve \u00f6zeni g\u00f6stermi\u015f olsa da, bu \u0130\u00e7erik\u2019in do\u011frulu\u011fu, g\u00fcncelli\u011fi, eksiksiz olmas\u0131 ya da belirli bir amaca uygunlu\u011fu konusunda herhangi bir garanti vermez ve bu konularda herhangi bir sorumluluk kabul etmez.<\/p>\r\n<p>\u015eirket ve \u00e7al\u0131\u015fanlar\u0131, bu web sitesinde yer alan veya bu sitede at\u0131fta bulunulan \u0130\u00e7erik\u2019in kullan\u0131m\u0131 sonucu do\u011fabilecek do\u011frudan veya dolayl\u0131 zarar ve kay\u0131plardan dolay\u0131 sorumlu tutulamaz; kanunun elverdi\u011fi \u00f6l\u00e7\u00fcde t\u00fcm sorumluluk reddedilmi\u015ftir.<\/p>\r\n<p>Bu web sitesinde yer alan i\u00e7eriklerin telif haklar\u0131, ilgili dok\u00fcmanda belirtildi\u011fi \u015fekilde \u015eirket\u2019e veya lisans veren \u00fc\u00e7\u00fcnc\u00fc \u015fah\u0131slara aittir. Bu i\u00e7erikler, ticari kullan\u0131m, kopyalama, \u00e7o\u011faltma, de\u011fi\u015ftirme ya da ba\u015fka bir platformda yay\u0131nlama amac\u0131yla izinsiz kullan\u0131lamaz.<\/p>\r\n<p>\u0130leriye d\u00f6n\u00fck beyanlar, \u00f6ng\u00f6r\u00fcler ve beklentiler i\u00e7eren ifadeler (\u00f6rne\u011fin; \u201cbeklenmektedir\u201d, \u201cplanlanmaktad\u0131r\u201d, \u201chedeflenmektedir\u201d gibi) yaln\u0131zca \u015eirket\u2019in mevcut g\u00f6r\u00fc\u015flerini yans\u0131t\u0131r ve gelece\u011fe ili\u015fkin kesin taahh\u00fct say\u0131lmaz. Bu t\u00fcr beyanlar, belirli risk ve belirsizliklere tabidir.<\/p>\r\n<p>Bu web sitesi, \u015eirket\u2019in kontrol\u00fc d\u0131\u015f\u0131nda olan \u00fc\u00e7\u00fcnc\u00fc taraf web sitelerine ba\u011flant\u0131lar (\u201clinkler\u201d) i\u00e7erebilir. \u015eirket, bu ba\u011flant\u0131l\u0131 sitelerin i\u00e7eri\u011fi veya uygulamalar\u0131 ile ilgili hi\u00e7bir sorumluluk kabul etmez.<\/p>\r\n<p><strong>Renk ve G\u00f6rsel Farkl\u0131l\u0131klar<\/strong><\/p>\r\n<p>\u015eirket, \u00fcr\u00fcnlerin web sitesi, katalog veya di\u011fer dijital platformlarda sunulan g\u00f6rselleri ile ger\u00e7ek \u00fcr\u00fcnler aras\u0131nda, kullan\u0131lan bilgisayar monit\u00f6rleri, tabletler, ak\u0131ll\u0131 telefon ekranlar\u0131 ve di\u011fer g\u00f6r\u00fcnt\u00fcleme cihazlar\u0131n\u0131n renk kalibrasyonlar\u0131ndaki farkl\u0131l\u0131klar, ayr\u0131ca ortam ayd\u0131nlatmas\u0131, mevsimsel \u0131\u015f\u0131k ko\u015fullar\u0131 ve \u00e7ekim esnas\u0131ndaki teknik fakt\u00f6rlerden kaynaklanan ton ve g\u00f6r\u00fcn\u00fcm farkl\u0131l\u0131klar\u0131ndan sorumlu de\u011fildir. \u00dcr\u00fcnlerin nihai renk, desen ve doku \u00f6zellikleri, fiziki \u00fcr\u00fcn esas al\u0131narak de\u011ferlendirilmelidir.<\/p>\r\n<p>\u0130\u015fbu Sorumluluk Reddi metni, T\u00fcrk hukuku h\u00fck\u00fcmlerine tabidir. Bu metinden kaynaklanan veya ba\u011flant\u0131l\u0131 olarak do\u011fabilecek uyu\u015fmazl\u0131klarda, yetkili T\u00fcrk mahkemeleri ve icra daireleri yetkilidir.<br \/><br \/>*Son G\u00fcncelleme Tarihi: 30.09.2025<\/p>","protected":false},"excerpt":{"rendered":"<p>ET\u0130L\u0130 SERAM\u0130K \u0130N\u015e. SAN. VE T\u0130C. A.\u015e. \u2013B\u0130LG\u0130 TOPLUMU H\u0130ZMETLER\u0130 G\u0130ZL\u0130L\u0130K POL\u0130T\u0130KASI I. Ama\u00e7Bu Gizlilik Politikas\u0131, Etili Seramik \u0130n\u015f. San. ve Tic. A.\u015e. (bundan b\u00f6yle \u201c\u015eirket\u201d olarak an\u0131lacakt\u0131r) taraf\u0131ndan; www.etili.siteweb sitesi (\u201cSite\u201d) arac\u0131l\u0131\u011f\u0131yla toplanan ki\u015fisel verilerin nas\u0131l i\u015flenece\u011fini, saklanaca\u011f\u0131n\u0131, korunaca\u011f\u0131n\u0131 ve payla\u015f\u0131labilece\u011fini a\u00e7\u0131klamaktad\u0131r. Siteyi ziyaret etmeniz ve burada sunulan i\u00e7eriklerden yararlanman\u0131z, bu Politikada belirtilen h\u00fck\u00fcm [&#8230;]\n","protected":false},"author":1,"featured_media":0,"parent":0,"menu_order":0,"comment_status":"closed","ping_status":"closed","template":"","meta":{"footnotes":""},"class_list":["post-860","page","type-page","status-publish","hentry"],"_links":{"self":[{"href":"https:\/\/etiliseramik.com\/en\/wp-json\/wp\/v2\/pages\/860","targetHints":{"allow":["GET"]}}],"collection":[{"href":"https:\/\/etiliseramik.com\/en\/wp-json\/wp\/v2\/pages"}],"about":[{"href":"https:\/\/etiliseramik.com\/en\/wp-json\/wp\/v2\/types\/page"}],"author":[{"embeddable":true,"href":"https:\/\/etiliseramik.com\/en\/wp-json\/wp\/v2\/users\/1"}],"replies":[{"embeddable":true,"href":"https:\/\/etiliseramik.com\/en\/wp-json\/wp\/v2\/comments?post=860"}],"version-history":[{"count":4,"href":"https:\/\/etiliseramik.com\/en\/wp-json\/wp\/v2\/pages\/860\/revisions"}],"predecessor-version":[{"id":873,"href":"https:\/\/etiliseramik.com\/en\/wp-json\/wp\/v2\/pages\/860\/revisions\/873"}],"wp:attachment":[{"href":"https:\/\/etiliseramik.com\/en\/wp-json\/wp\/v2\/media?parent=860"}],"curies":[{"name":"wp","href":"https:\/\/api.w.org\/{rel}","templated":true}]}}